{"id":2106,"date":"2021-03-25T04:08:26","date_gmt":"2021-03-25T04:08:26","guid":{"rendered":"http:\/\/localhost\/nuss\/?page_id=298"},"modified":"2025-09-18T09:56:09","modified_gmt":"2025-09-18T09:56:09","slug":"esperienze","status":"publish","type":"page","link":"https:\/\/shanghaidazhongairporthotel.com\/it\/esperienze\/","title":{"rendered":"Esperienze e recensioni dei clienti"},"content":{"rendered":"<div data-elementor-type=\"wp-page\" data-elementor-id=\"2106\" class=\"elementor elementor-2106\">\n\t\t\t\t\t\t<section class=\"elementor-section elementor-top-section elementor-element elementor-element-1954ffc elementor-section-boxed elementor-section-gap-beside-yes elementor-section-height-default elementor-section-height-default elementor-section-column-vertical-align-stretch\" data-id=\"1954ffc\" data-element_type=\"section\" data-e-type=\"section\">\n\t\t\t\t\t\t<div class=\"elementor-container elementor-column-gap-extended\">\n\t\t\t\t\t<div class=\"elementor-column elementor-col-100 elementor-top-column elementor-element elementor-element-86aebc5\" data-id=\"86aebc5\" data-element_type=\"column\" data-e-type=\"column\">\n\t\t\t<div class=\"elementor-widget-wrap elementor-element-populated\">\n\t\t\t\t\t\t<div class=\"elementor-element elementor-element-11803d1 elementor-widget__width-initial elementor-invisible elementor-widget elementor-widget-text-editor\" data-id=\"11803d1\" data-element_type=\"widget\" data-e-type=\"widget\" data-settings=\"{&quot;_animation&quot;:&quot;nussFadeInUp&quot;}\" data-widget_type=\"text-editor.default\">\n\t\t\t\t\t\t\t\t\t<p><strong data-spm-anchor-id=\"a2ty_o01.29997173.0.i109.3ac7c921O44zAQ\">Esperienze dei clienti e recensioni autentiche<\/strong><\/p>\t\t\t\t\t\t\t\t<\/div>\n\t\t\t\t\t<\/div>\n\t\t<\/div>\n\t\t\t\t\t<\/div>\n\t\t<\/section>\n\t\t<div class=\"elementor-element elementor-element-3e39171 e-flex e-con-boxed e-con e-parent\" data-id=\"3e39171\" data-element_type=\"container\" data-e-type=\"container\">\n\t\t\t\t\t<div class=\"e-con-inner\">\n\t\t\t\t<div class=\"elementor-element elementor-element-7761d0c elementor-widget elementor-widget-text-editor\" data-id=\"7761d0c\" data-element_type=\"widget\" data-e-type=\"widget\" data-widget_type=\"text-editor.default\">\n\t\t\t\t\t\t\t\t\t<div class=\"svelte-1c06zsf\" data-lang-code=\"\"><p data-spm-anchor-id=\"a2ty_o01.29997173.0.i41.499dc921lowxQI\">All&#039;Hotel Da Zhong Airport, l&#039;esperienza degli ospiti non si misura solo in stelle, ma \u00e8 scritta in storie vere di sollievo, gratitudine e sorpresa. Situato a pochi minuti dall&#039;Aeroporto Internazionale di Shanghai Pudong (PVG), il nostro hotel si \u00e8 guadagnato una clientela fedele tra viaggiatori stanchi, pendolari d&#039;affari e passeggeri in transito internazionale, come dimostrano migliaia di recensioni autentiche su TripAdvisor e Trip.com, dove ci classifichiamo costantemente tra i 5 migliori hotel aeroportuali di Shanghai.<\/p><div class=\"my-2\">\u00a0<\/div><p>SU <strong>TripAdvisor<\/strong>, gli ospiti elogiano ripetutamente la nostra &quot;incredibile comodit\u00e0&quot; e la &quot;serena fuga dal caos dell&#039;aeroporto&quot;. Un viaggiatore dalla Germania ha scritto: <em>&quot;Dopo un volo di 14 ore, ero esausto, ma entrare nella mia stanza \u00e8 stato come entrare in un bozzolo di pace. L&#039;insonorizzazione era miracolosa, il letto paradisiaco e la navetta gratuita \u00e8 arrivata in meno di 5 minuti. Questo non \u00e8 solo un hotel aeroportuale; \u00e8 un&#039;ancora di salvezza.&quot;<\/em> Con oltre 800 recensioni e una valutazione di 4,7\/5, la nostra pulizia, la reattivit\u00e0 del personale e il rapporto qualit\u00e0-prezzo surclassano costantemente la concorrenza.<\/p><div class=\"my-2\">\u00a0<\/div><p>Nel frattempo, su <strong>Trip.com<\/strong>Il nostro punteggio medio di 9,3\/10 riflette le elevate aspettative dei viaggiatori esperti asiatici. Un viaggiatore d&#039;affari frequente di Singapore ha commentato: <em>&quot;Ho soggiornato in sei diversi hotel vicino a PVG negli ultimi tre anni. Il Da Zhong \u00e8 l&#039;unico con porte USB ovunque, una colazione che sa davvero di fatto in casa e il personale della reception che ricorda il tuo nome, anche se sei qui per una sola notte.&quot;<\/em> Il nostro servizio navetta aeroportuale attivo 24 ore su 24, 7 giorni su 7, elogiato da 96% di recensori, \u00e8 spesso descritto come &quot;pi\u00f9 affidabile della mia app taxi&quot;, mentre il deposito bagagli gratuito consente scali senza intoppi, senza il fastidio di trascinare i bagagli attraverso i terminal.<\/p><div class=\"my-2\">\u00a0<\/div><p>Ma cosa ci distingue davvero? \u00c8 il tocco umano. Gli ospiti sottolineano come il nostro team vada oltre il dovere: aiutando i viaggiatori smarriti a prenotare nuovamente i voli, consegnando caricabatterie dimenticati in camera o persino procurando spazzolini da denti e pigiami di emergenza per i ritardi notturni. Questi momenti, piccoli ma indimenticabili, sono il motivo per cui cos\u00ec tanti tornano, non solo come ospiti, ma come sostenitori.<\/p><div class=\"my-2\">\u00a0<\/div><p>Che tu stia prendendo un volo alle 5 del mattino, affrontando uno scalo di 12 ore o usando il nostro hotel come base per esplorare lo skyline di Shanghai, le nostre recensioni non sono solo sinonimo di comfort, ma anche di fiducia. Persone vere. Soggiorni veri. Risultati veri.<\/p><div class=\"my-2\">\u00a0<\/div><p data-spm-anchor-id=\"a2ty_o01.29997173.0.i42.499dc921lowxQI\"><strong>Non fidarti solo delle nostre parole. Leggi le storie. Guarda le foto. Senti la differenza.<\/strong><br \/>L&#039;Hotel Da Zhong Airport non \u00e8 solo comodo, \u00e8 anche un luogo apprezzato. La tua prossima pausa di relax a Shanghai inizia qui.<\/p><\/div>\t\t\t\t\t\t\t\t<\/div>\n\t\t\t\t\t<\/div>\n\t\t\t\t<\/div>\n\t\t\t\t<section class=\"elementor-section elementor-top-section elementor-element elementor-element-6ba6b98a elementor-section-stretched elementor-section-boxed elementor-section-gap-beside-yes elementor-section-height-default elementor-section-height-default elementor-section-column-vertical-align-stretch\" data-id=\"6ba6b98a\" data-element_type=\"section\" data-e-type=\"section\" data-settings=\"{&quot;background_background&quot;:&quot;classic&quot;,&quot;stretch_section&quot;:&quot;section-stretched&quot;}\">\n\t\t\t\t\t\t<div class=\"elementor-container elementor-column-gap-extended\">\n\t\t\t\t\t<div class=\"elementor-column elementor-col-100 elementor-top-column elementor-element elementor-element-757334af\" data-id=\"757334af\" data-element_type=\"column\" data-e-type=\"column\">\n\t\t\t<div class=\"elementor-widget-wrap elementor-element-populated\">\n\t\t\t\t\t\t<div class=\"elementor-element elementor-element-f681d85 elementor-widget elementor-widget-nuss-heading\" data-id=\"f681d85\" data-element_type=\"widget\" data-e-type=\"widget\" data-widget_type=\"nuss-heading.default\">\n\t\t\t\t<div class=\"elementor-widget-container\">\n\t\t\t\t\t\t\t<div class=\"nuss-modern-heading\">\r\n\t\t\t\r\n\t\t\t\t\t\t<div class=\"heading-primary-wrap\">\r\n\t\t\t\t<h2 class=\"heading-primary elementor-heading-title\">Controlla disponibile <\/h2>\t\t\t<\/div>\r\n\t\t\r\n\t\t\t\r\n\t\t\t\t\t<\/div>\r\n\t\t\t\t\t<\/div>\n\t\t\t\t<\/div>\n\t\t\t\t<div class=\"elementor-element elementor-element-24b88f46 elementor-widget elementor-widget-text-editor\" data-id=\"24b88f46\" data-element_type=\"widget\" data-e-type=\"widget\" data-widget_type=\"text-editor.default\">\n\t\t\t\t\t\t\t\t\t<iframe border=\"0\" src=\"https:\/\/www.trip.com\/partners\/ad\/S5439814?Allianceid=4590391&#038;SID=260538839&#038;trip_sub1=\" style=\"width:900px;height:200px\" frameborder=\"0\" scrolling=\"no\" id=\"S5439814\"><\/iframe>\t\t\t\t\t\t\t\t<\/div>\n\t\t\t\t\t<\/div>\n\t\t<\/div>\n\t\t\t\t\t<\/div>\n\t\t<\/section>\n\t\t\t\t<\/div>","protected":false},"excerpt":{"rendered":"<p>Customer Experiences &amp; Authentic Reviews At Hotel Da Zhong Airport, guest experiences aren\u2019t just measured in stars\u2014they\u2019re written in real stories of relief, gratitude, and surprise. Nestled just minutes from Shanghai Pudong International Airport (PVG), our hotel has earned a loyal following among weary travelers, business commuters, and international transit passengers alike\u2014evidenced by thousands of [&hellip;]<\/p>\n","protected":false},"author":1,"featured_media":0,"parent":0,"menu_order":0,"comment_status":"closed","ping_status":"closed","template":"","meta":{"footnotes":""},"class_list":["post-2106","page","type-page","status-publish","hentry","post-no-thumbnail"],"_links":{"self":[{"href":"https:\/\/shanghaidazhongairporthotel.com\/it\/wp-json\/wp\/v2\/pages\/2106","targetHints":{"allow":["GET"]}}],"collection":[{"href":"https:\/\/shanghaidazhongairporthotel.com\/it\/wp-json\/wp\/v2\/pages"}],"about":[{"href":"https:\/\/shanghaidazhongairporthotel.com\/it\/wp-json\/wp\/v2\/types\/page"}],"author":[{"embeddable":true,"href":"https:\/\/shanghaidazhongairporthotel.com\/it\/wp-json\/wp\/v2\/users\/1"}],"replies":[{"embeddable":true,"href":"https:\/\/shanghaidazhongairporthotel.com\/it\/wp-json\/wp\/v2\/comments?post=2106"}],"version-history":[{"count":0,"href":"https:\/\/shanghaidazhongairporthotel.com\/it\/wp-json\/wp\/v2\/pages\/2106\/revisions"}],"wp:attachment":[{"href":"https:\/\/shanghaidazhongairporthotel.com\/it\/wp-json\/wp\/v2\/media?parent=2106"}],"curies":[{"name":"parola chiave","href":"https:\/\/api.w.org\/{rel}","templated":true}]}}