{"id":612,"date":"2021-03-26T10:04:13","date_gmt":"2021-03-26T10:04:13","guid":{"rendered":"http:\/\/localhost\/nuss\/?page_id=612"},"modified":"2025-09-18T13:48:31","modified_gmt":"2025-09-18T13:48:31","slug":"restaurant","status":"publish","type":"page","link":"https:\/\/shanghaidazhongairporthotel.com\/fr\/restaurant\/","title":{"rendered":"Restaurant"},"content":{"rendered":"<div data-elementor-type=\"wp-page\" data-elementor-id=\"612\" class=\"elementor elementor-612\">\n\t\t\t\t\t\t<section class=\"elementor-section elementor-top-section elementor-element elementor-element-e2effe8 elementor-section-boxed elementor-section-gap-beside-yes elementor-section-height-default elementor-section-height-default elementor-section-column-vertical-align-stretch\" data-id=\"e2effe8\" data-element_type=\"section\" data-e-type=\"section\">\n\t\t\t\t\t\t<div class=\"elementor-container elementor-column-gap-extended\">\n\t\t\t\t\t<div class=\"elementor-column elementor-col-100 elementor-top-column elementor-element elementor-element-e18f688\" data-id=\"e18f688\" data-element_type=\"column\" data-e-type=\"column\">\n\t\t\t<div class=\"elementor-widget-wrap elementor-element-populated\">\n\t\t\t\t\t\t<div class=\"elementor-element elementor-element-6db146d elementor-widget__width-initial elementor-invisible elementor-widget elementor-widget-text-editor\" data-id=\"6db146d\" data-element_type=\"widget\" data-e-type=\"widget\" data-settings=\"{&quot;_animation&quot;:&quot;nussFadeInUp&quot;}\" data-widget_type=\"text-editor.default\">\n\t\t\t\t\t\t\t\t\t<p data-spm-anchor-id=\"a2ty_o01.29997173.0.i60.499dc921lowxQI\">Nich\u00e9 dans le calme et l&#039;efficacit\u00e9 de l&#039;h\u00f4tel Da Zhong Airport au 6001 Yingbin Avenue, Pudong New Area, notre restaurant sur place red\u00e9finit ce que peut \u00eatre un repas \u00e0 l&#039;a\u00e9roport - loin des clich\u00e9s des plats r\u00e9chauff\u00e9s et des buffets g\u00e9n\u00e9riques, nous proposons un sanctuaire culinaire con\u00e7u pour le voyageur exigeant qui refuse de compromettre la saveur pour la vitesse.<\/p>\t\t\t\t\t\t\t\t<\/div>\n\t\t\t\t\t<\/div>\n\t\t<\/div>\n\t\t\t\t\t<\/div>\n\t\t<\/section>\n\t\t<div class=\"elementor-element elementor-element-764955e e-flex e-con-boxed e-con e-parent\" data-id=\"764955e\" data-element_type=\"container\" data-e-type=\"container\">\n\t\t\t\t\t<div class=\"e-con-inner\">\n\t\t<div class=\"elementor-element elementor-element-3a71d84 e-con-full e-flex e-con e-child\" data-id=\"3a71d84\" data-element_type=\"container\" data-e-type=\"container\">\n\t\t\t\t<div class=\"elementor-element elementor-element-81a00fb elementor-widget elementor-widget-text-editor\" data-id=\"81a00fb\" data-element_type=\"widget\" data-e-type=\"widget\" data-widget_type=\"text-editor.default\">\n\t\t\t\t\t\t\t\t\t<p>\u00c0 <strong>Restaurant Da Zhong<\/strong>Nous pensons que m\u00eame en transit, votre palais m\u00e9rite une exp\u00e9rience authentique. Notre menu est une v\u00e9ritable d\u00e9claration d&#039;amour au riche patrimoine gastronomique de Shanghai, soigneusement \u00e9labor\u00e9 \u00e0 partir d&#039;ingr\u00e9dients locaux, de techniques traditionnelles et d&#039;une pr\u00e9sentation moderne. Des paniers fumants de xiaolongbao pli\u00e9s \u00e0 la main, d\u00e9bordant d&#039;un bouillon savoureux, aux bols parfum\u00e9s de nouilles de soja brais\u00e9es \u00e0 la mode de Wuxi, mijot\u00e9es pendant des heures, chaque plat est pr\u00e9par\u00e9 chaque jour par des chefs qui honorent l&#039;\u00e2me de la cuisine shangha\u00efenne. Pour nos clients internationaux, nous proposons des sp\u00e9cialit\u00e9s internationales soigneusement \u00e9quilibr\u00e9es\u00a0: petits-d\u00e9jeuners artisanaux avec \u0153ufs de poules \u00e9lev\u00e9es en plein air, flocons d&#039;avoine cr\u00e9meux au miel local, caf\u00e9 Arabica fra\u00eechement moulu et salades m\u00e9diterran\u00e9ennes l\u00e9g\u00e8res, tous con\u00e7us pour vous ressourcer sans vous alourdir.<\/p>\t\t\t\t\t\t\t\t<\/div>\n\t\t\t\t<\/div>\n\t\t<div class=\"elementor-element elementor-element-bb76a06 e-con-full e-flex e-con e-child\" data-id=\"bb76a06\" data-element_type=\"container\" data-e-type=\"container\">\n\t\t\t\t<div class=\"elementor-element elementor-element-12b50a9 elementor-widget elementor-widget-image\" data-id=\"12b50a9\" data-element_type=\"widget\" data-e-type=\"widget\" data-widget_type=\"image.default\">\n\t\t\t\t\t\t\t\t\t\t\t\t\t\t\t<img fetchpriority=\"high\" decoding=\"async\" width=\"1024\" height=\"686\" src=\"https:\/\/shanghaidazhongairporthotel.com\/wp-content\/uploads\/2025\/09\/Da-Zhong-Airport-Hotel-10-1024x686.webp\" class=\"attachment-large size-large wp-image-6399\" alt=\"\" srcset=\"https:\/\/shanghaidazhongairporthotel.com\/wp-content\/uploads\/2025\/09\/Da-Zhong-Airport-Hotel-10-1024x686.webp 1024w, https:\/\/shanghaidazhongairporthotel.com\/wp-content\/uploads\/2025\/09\/Da-Zhong-Airport-Hotel-10-300x201.webp 300w, https:\/\/shanghaidazhongairporthotel.com\/wp-content\/uploads\/2025\/09\/Da-Zhong-Airport-Hotel-10-768x514.webp 768w, https:\/\/shanghaidazhongairporthotel.com\/wp-content\/uploads\/2025\/09\/Da-Zhong-Airport-Hotel-10-18x12.webp 18w, https:\/\/shanghaidazhongairporthotel.com\/wp-content\/uploads\/2025\/09\/Da-Zhong-Airport-Hotel-10.webp 1274w\" sizes=\"(max-width: 1024px) 100vw, 1024px\" \/>\t\t\t\t\t\t\t\t\t\t\t\t\t\t\t<\/div>\n\t\t\t\t<\/div>\n\t\t\t\t\t<\/div>\n\t\t\t\t<\/div>\n\t\t<div class=\"elementor-element elementor-element-d05381b e-flex e-con-boxed e-con e-parent\" data-id=\"d05381b\" data-element_type=\"container\" data-e-type=\"container\">\n\t\t\t\t\t<div class=\"e-con-inner\">\n\t\t\t\t<div class=\"elementor-element elementor-element-53bd849 elementor-widget elementor-widget-text-editor\" data-id=\"53bd849\" data-element_type=\"widget\" data-e-type=\"widget\" data-widget_type=\"text-editor.default\">\n\t\t\t\t\t\t\t\t\t<p data-spm-anchor-id=\"a2ty_o01.29997173.0.i61.499dc921lowxQI\">Ouvert de l&#039;aube jusqu&#039;\u00e0 tard le soir, notre restaurant s&#039;adapte au rythme des voyages en avion\u00a0: que vous souhaitiez manger un morceau avant un d\u00e9part \u00e0 5\u00a0h, faire le plein apr\u00e8s un vol de nuit \u00e0 minuit ou vous accorder une pause paisible lors d&#039;une longue escale, nous sommes l\u00e0 pour vous\u00a0! Jamais press\u00e9s, jamais st\u00e9riles. D\u00eenez dans notre espace minimaliste \u00e0 la lumi\u00e8re tamis\u00e9e, dot\u00e9 de baies vitr\u00e9es offrant une vue sereine sur les lumi\u00e8res de la piste ou la lueur lointaine des gratte-ciel de Pudong, ou commandez \u00e0 emporter pour d\u00e9guster votre repas dans le confort de votre chambre.<\/p><div class=\"my-2\">\u00a0<\/div><p data-spm-anchor-id=\"a2ty_o01.29997173.0.i63.499dc921lowxQI\">Ce qui nous distingue vraiment ? Nous ne n\u00e9gligeons pas la nourriture. Notre cuisine fonctionne comme un bistrot de quartier, pas comme un stand de restauration. Pas de plats pr\u00e9par\u00e9s. Pas de raccourcis au micro-ondes. Que de vrais ingr\u00e9dients, pr\u00e9par\u00e9s avec soin et servis avec chaleur. M\u00eame notre s\u00e9lection de th\u00e9s propose des vari\u00e9t\u00e9s de th\u00e9s en vrac de premi\u00e8re qualit\u00e9, provenant des collines voisines du Zhejiang, infus\u00e9es \u00e0 la perfection.<\/p><div class=\"my-2\">\u00a0<\/div><p>Pour les voyageurs d&#039;affaires souhaitant une r\u00e9union discr\u00e8te autour d&#039;un caf\u00e9, les couples profitant d&#039;une parenth\u00e8se romantique entre deux vols ou les familles partageant leurs premiers instants \u00e0 Shanghai, notre restaurant est bien plus qu&#039;un simple lieu de restauration. Il devient une \u00e9tape m\u00e9morable de votre voyage.<\/p><div class=\"my-2\">\u00a0<\/div><p>Situ\u00e9 \u00e0 quelques minutes de l&#039;a\u00e9roport international de Shanghai-Pudong (PVG) et facilement accessible gr\u00e2ce \u00e0 notre navette gratuite, le restaurant Da Zhong est bien plus qu&#039;un simple restaurant d&#039;h\u00f4tel\u00a0: c&#039;est une destination \u00e0 part enti\u00e8re. Que vous atterrissiez \u00e0 Shanghai pour la premi\u00e8re fois ou que vous y retourniez pour la dixi\u00e8me fois, laissez-nous vous r\u00e9galer des saveurs authentiques de la ville, servies avec le calme et l&#039;attention que vous m\u00e9ritez.<\/p><div class=\"my-2\">\u00a0<\/div><p><strong>Parce que m\u00eame lorsque vous \u00eates en mouvement, votre repas doit \u00eatre comme \u00e0 la maison.<\/strong><\/p><div class=\"my-2\">\u00a0<\/div><p><em>Ouvert tous les jours | Petit-d\u00e9jeuner\u00a0: 6\u00a0h\u00a030 \u2013 10\u00a0h | D\u00e9jeuner et d\u00eener\u00a0: 11\u00a0h\u00a030 \u2013 22\u00a0h | Plats \u00e0 emporter disponibles 24\u00a0h\/24 et 7\u00a0j\/7<\/em><\/p>\t\t\t\t\t\t\t\t<\/div>\n\t\t\t\t\t<\/div>\n\t\t\t\t<\/div>\n\t\t\t\t<section class=\"elementor-section elementor-top-section elementor-element elementor-element-2cb6ae8d elementor-section-stretched elementor-section-boxed elementor-section-gap-beside-yes elementor-section-height-default elementor-section-height-default elementor-section-column-vertical-align-stretch\" data-id=\"2cb6ae8d\" data-element_type=\"section\" data-e-type=\"section\" data-settings=\"{&quot;background_background&quot;:&quot;classic&quot;,&quot;stretch_section&quot;:&quot;section-stretched&quot;}\">\n\t\t\t\t\t\t<div class=\"elementor-container elementor-column-gap-extended\">\n\t\t\t\t\t<div class=\"elementor-column elementor-col-100 elementor-top-column elementor-element elementor-element-3cc1e7d2\" data-id=\"3cc1e7d2\" data-element_type=\"column\" data-e-type=\"column\">\n\t\t\t<div class=\"elementor-widget-wrap elementor-element-populated\">\n\t\t\t\t\t\t<div class=\"elementor-element elementor-element-4629bc3a elementor-widget elementor-widget-nuss-heading\" data-id=\"4629bc3a\" data-element_type=\"widget\" data-e-type=\"widget\" data-widget_type=\"nuss-heading.default\">\n\t\t\t\t<div class=\"elementor-widget-container\">\n\t\t\t\t\t\t\t<div class=\"nuss-modern-heading\">\r\n\t\t\t\r\n\t\t\t\t\t\t<div class=\"heading-primary-wrap\">\r\n\t\t\t\t<h2 class=\"heading-primary elementor-heading-title\">Ch\u00e8que disponible <\/h2>\t\t\t<\/div>\r\n\t\t\r\n\t\t\t\r\n\t\t\t\t\t<\/div>\r\n\t\t\t\t\t<\/div>\n\t\t\t\t<\/div>\n\t\t\t\t<div class=\"elementor-element elementor-element-6be81cf3 elementor-widget elementor-widget-text-editor\" data-id=\"6be81cf3\" data-element_type=\"widget\" data-e-type=\"widget\" data-widget_type=\"text-editor.default\">\n\t\t\t\t\t\t\t\t\t<iframe border=\"0\" src=\"https:\/\/www.trip.com\/partners\/ad\/S5439814?Allianceid=4590391&#038;SID=260538839&#038;trip_sub1=\" style=\"width:900px;height:200px\" frameborder=\"0\" scrolling=\"no\" id=\"S5439814\"><\/iframe>\t\t\t\t\t\t\t\t<\/div>\n\t\t\t\t\t<\/div>\n\t\t<\/div>\n\t\t\t\t\t<\/div>\n\t\t<\/section>\n\t\t\t\t<\/div>","protected":false},"excerpt":{"rendered":"<p>Nestled within the quiet efficiency of Hotel Da Zhong Airport at No. 6001 Yingbin Avenue, Pudong New Area, our on-site restaurant redefines what airport dining can be \u2014 far from the clich\u00e9s of reheated meals and generic buffets, we offer a culinary sanctuary designed for the discerning traveler who refuses to compromise flavor for speed. [&hellip;]<\/p>\n","protected":false},"author":1,"featured_media":0,"parent":0,"menu_order":0,"comment_status":"closed","ping_status":"closed","template":"","meta":{"footnotes":""},"class_list":["post-612","page","type-page","status-publish","hentry","post-no-thumbnail"],"_links":{"self":[{"href":"https:\/\/shanghaidazhongairporthotel.com\/fr\/wp-json\/wp\/v2\/pages\/612","targetHints":{"allow":["GET"]}}],"collection":[{"href":"https:\/\/shanghaidazhongairporthotel.com\/fr\/wp-json\/wp\/v2\/pages"}],"about":[{"href":"https:\/\/shanghaidazhongairporthotel.com\/fr\/wp-json\/wp\/v2\/types\/page"}],"author":[{"embeddable":true,"href":"https:\/\/shanghaidazhongairporthotel.com\/fr\/wp-json\/wp\/v2\/users\/1"}],"replies":[{"embeddable":true,"href":"https:\/\/shanghaidazhongairporthotel.com\/fr\/wp-json\/wp\/v2\/comments?post=612"}],"version-history":[{"count":0,"href":"https:\/\/shanghaidazhongairporthotel.com\/fr\/wp-json\/wp\/v2\/pages\/612\/revisions"}],"wp:attachment":[{"href":"https:\/\/shanghaidazhongairporthotel.com\/fr\/wp-json\/wp\/v2\/media?parent=612"}],"curies":[{"name":"wp","href":"https:\/\/api.w.org\/{rel}","templated":true}]}}