{"id":5266,"date":"2021-07-18T08:03:35","date_gmt":"2021-07-18T08:03:35","guid":{"rendered":"https:\/\/nuss.uxper.co\/luxury-resort\/?page_id=5266"},"modified":"2025-09-18T09:39:52","modified_gmt":"2025-09-18T09:39:52","slug":"a-propos-de-nous","status":"publish","type":"page","link":"https:\/\/shanghaidazhongairporthotel.com\/fr\/a-propos-de-nous\/","title":{"rendered":"\u00c0 propos de nous"},"content":{"rendered":"<div data-elementor-type=\"wp-page\" data-elementor-id=\"5266\" class=\"elementor elementor-5266\">\n\t\t\t\t\t\t<section class=\"elementor-section elementor-top-section elementor-element elementor-element-10416953 elementor-section-boxed elementor-section-gap-beside-yes elementor-section-height-default elementor-section-height-default elementor-section-column-vertical-align-stretch\" data-id=\"10416953\" data-element_type=\"section\" data-e-type=\"section\">\n\t\t\t\t\t\t<div class=\"elementor-container elementor-column-gap-extended\">\n\t\t\t\t\t<div class=\"elementor-column elementor-col-100 elementor-top-column elementor-element elementor-element-29c6aa8\" data-id=\"29c6aa8\" data-element_type=\"column\" data-e-type=\"column\">\n\t\t\t<div class=\"elementor-widget-wrap elementor-element-populated\">\n\t\t\t\t\t\t<div class=\"elementor-element elementor-element-7be18fe7 elementor-widget__width-initial elementor-invisible elementor-widget elementor-widget-text-editor\" data-id=\"7be18fe7\" data-element_type=\"widget\" data-e-type=\"widget\" data-settings=\"{&quot;_animation&quot;:&quot;nussFadeInUp&quot;}\" data-widget_type=\"text-editor.default\">\n\t\t\t\t\t\t\t\t\t<p>D\u00e9couvrez la fusion parfaite de la commodit\u00e9, du confort et de l&#039;\u00e9l\u00e9gance contemporaine chez <strong>H\u00f4tel Da Zhong Airport<\/strong><\/p>\t\t\t\t\t\t\t\t<\/div>\n\t\t\t\t\t<\/div>\n\t\t<\/div>\n\t\t\t\t\t<\/div>\n\t\t<\/section>\n\t\t\t\t<section class=\"elementor-section elementor-top-section elementor-element elementor-element-7d18327f elementor-section-boxed elementor-section-gap-beside-yes elementor-section-height-default elementor-section-height-default elementor-section-column-vertical-align-stretch\" data-id=\"7d18327f\" data-element_type=\"section\" data-e-type=\"section\">\n\t\t\t\t\t\t<div class=\"elementor-container elementor-column-gap-extended\">\n\t\t\t\t\t<div class=\"elementor-column elementor-col-50 elementor-top-column elementor-element elementor-element-56533670\" data-id=\"56533670\" data-element_type=\"column\" data-e-type=\"column\">\n\t\t\t<div class=\"elementor-widget-wrap elementor-element-populated\">\n\t\t\t\t\t\t<div class=\"elementor-element elementor-element-19c3f543 elementor-invisible elementor-widget elementor-widget-text-editor\" data-id=\"19c3f543\" data-element_type=\"widget\" data-e-type=\"widget\" data-settings=\"{&quot;_animation&quot;:&quot;nussFadeInUp&quot;}\" data-widget_type=\"text-editor.default\">\n\t\t\t\t\t\t\t\t\t<p>\u00c0 seulement 3 minutes en voiture de l&#039;a\u00e9roport international de Shanghai-Pudong (PVG). Con\u00e7u pour le voyageur moderne, cet \u00e9l\u00e9gant h\u00f4tel d&#039;a\u00e9roport prim\u00e9 est le refuge id\u00e9al avant le d\u00e9collage, entre deux vols ou comme point de d\u00e9part strat\u00e9gique pour vos d\u00e9placements professionnels et touristiques dans l&#039;une des m\u00e9tropoles les plus dynamiques d&#039;Asie.<\/p>\t\t\t\t\t\t\t\t<\/div>\n\t\t\t\t\t<\/div>\n\t\t<\/div>\n\t\t\t\t<div class=\"elementor-column elementor-col-50 elementor-top-column elementor-element elementor-element-30f14127\" data-id=\"30f14127\" data-element_type=\"column\" data-e-type=\"column\">\n\t\t\t<div class=\"elementor-widget-wrap elementor-element-populated\">\n\t\t\t\t\t\t<div class=\"elementor-element elementor-element-59aea08 elementor-widget elementor-widget-image\" data-id=\"59aea08\" data-element_type=\"widget\" data-e-type=\"widget\" data-widget_type=\"image.default\">\n\t\t\t\t\t\t\t\t\t\t\t\t\t\t\t<img fetchpriority=\"high\" decoding=\"async\" width=\"800\" height=\"449\" src=\"https:\/\/shanghaidazhongairporthotel.com\/wp-content\/uploads\/2025\/09\/Da-Zhong-Airport-Hotel-54.webp\" class=\"attachment-large size-large wp-image-6443\" alt=\"\" srcset=\"https:\/\/shanghaidazhongairporthotel.com\/wp-content\/uploads\/2025\/09\/Da-Zhong-Airport-Hotel-54.webp 800w, https:\/\/shanghaidazhongairporthotel.com\/wp-content\/uploads\/2025\/09\/Da-Zhong-Airport-Hotel-54-300x168.webp 300w, https:\/\/shanghaidazhongairporthotel.com\/wp-content\/uploads\/2025\/09\/Da-Zhong-Airport-Hotel-54-768x431.webp 768w, https:\/\/shanghaidazhongairporthotel.com\/wp-content\/uploads\/2025\/09\/Da-Zhong-Airport-Hotel-54-18x10.webp 18w\" sizes=\"(max-width: 800px) 100vw, 800px\" \/>\t\t\t\t\t\t\t\t\t\t\t\t\t\t\t<\/div>\n\t\t\t\t\t<\/div>\n\t\t<\/div>\n\t\t\t\t\t<\/div>\n\t\t<\/section>\n\t\t\t\t<section class=\"elementor-section elementor-top-section elementor-element elementor-element-29fb8578 elementor-section-height-min-height elementor-section-stretched elementor-section-full_width elementor-section-items-stretch elementor-section-height-default elementor-section-column-vertical-align-stretch\" data-id=\"29fb8578\" data-element_type=\"section\" data-e-type=\"section\" data-settings=\"{&quot;stretch_section&quot;:&quot;section-stretched&quot;}\">\n\t\t\t\t\t\t<div class=\"elementor-container elementor-column-gap-no\">\n\t\t\t\t\t<div class=\"elementor-column elementor-col-50 elementor-top-column elementor-element elementor-element-40ac270b\" data-id=\"40ac270b\" data-element_type=\"column\" data-e-type=\"column\">\n\t\t\t<div class=\"elementor-widget-wrap elementor-element-populated\">\n\t\t\t\t\t\t<div class=\"elementor-element elementor-element-20872773 elementor-widget__width-initial elementor-widget-mobile__width-inherit elementor-invisible nuss-elementor-loading nuss-slide-in-right elementor-widget elementor-widget-image\" data-id=\"20872773\" data-element_type=\"widget\" data-e-type=\"widget\" data-settings=\"{&quot;_animation&quot;:&quot;nussSlideInRight&quot;}\" data-widget_type=\"image.default\">\n\t\t\t\t\t\t\t\t\t\t\t\t\t\t\t<img decoding=\"async\" width=\"1280\" height=\"850\" src=\"https:\/\/shanghaidazhongairporthotel.com\/wp-content\/uploads\/2025\/09\/Da-Zhong-Airport-Hotel-17.webp\" class=\"attachment-full size-full wp-image-6406\" alt=\"\" srcset=\"https:\/\/shanghaidazhongairporthotel.com\/wp-content\/uploads\/2025\/09\/Da-Zhong-Airport-Hotel-17.webp 1280w, https:\/\/shanghaidazhongairporthotel.com\/wp-content\/uploads\/2025\/09\/Da-Zhong-Airport-Hotel-17-300x199.webp 300w, https:\/\/shanghaidazhongairporthotel.com\/wp-content\/uploads\/2025\/09\/Da-Zhong-Airport-Hotel-17-1024x680.webp 1024w, https:\/\/shanghaidazhongairporthotel.com\/wp-content\/uploads\/2025\/09\/Da-Zhong-Airport-Hotel-17-768x510.webp 768w, https:\/\/shanghaidazhongairporthotel.com\/wp-content\/uploads\/2025\/09\/Da-Zhong-Airport-Hotel-17-18x12.webp 18w\" sizes=\"(max-width: 1280px) 100vw, 1280px\" \/>\t\t\t\t\t\t\t\t\t\t\t\t\t\t\t<\/div>\n\t\t\t\t\t<\/div>\n\t\t<\/div>\n\t\t\t\t<div class=\"elementor-column elementor-col-50 elementor-top-column elementor-element elementor-element-2dac103\" data-id=\"2dac103\" data-element_type=\"column\" data-e-type=\"column\">\n\t\t\t<div class=\"elementor-widget-wrap elementor-element-populated\">\n\t\t\t\t\t\t<div class=\"elementor-element elementor-element-6f1b8966 elementor-invisible elementor-widget elementor-widget-text-editor\" data-id=\"6f1b8966\" data-element_type=\"widget\" data-e-type=\"widget\" data-settings=\"{&quot;_animation&quot;:&quot;nussFadeInUp&quot;}\" data-widget_type=\"text-editor.default\">\n\t\t\t\t\t\t\t\t\t<p data-spm-anchor-id=\"a2ty_o01.29997173.0.i25.499dc921lowxQI\">Que vous soyez un passager transatlantique souffrant du d\u00e9calage horaire, un cadre d&#039;entreprise participant \u00e0 des r\u00e9unions au Centre mondial des finances de Shanghai ou un touriste d\u00e9sireux d&#039;explorer le Bund, la Perle de l&#039;Orient ou la magnifique skyline de Lujiazui, l&#039;H\u00f4tel Da Zhong Airport offre une accessibilit\u00e9 in\u00e9gal\u00e9e sans sacrifier la s\u00e9r\u00e9nit\u00e9. Nos chambres soigneusement con\u00e7ues offrent une insonorisation haut de gamme, des espaces de travail ergonomiques avec ports de charge USB, une literie hypoallerg\u00e9nique moelleuse et une vue panoramique sur les lumi\u00e8res anim\u00e9es de la ville ou le rythme paisible des pistes, vous offrant ainsi une tranquillit\u00e9 au c\u0153ur de la ville.<\/p><div class=\"my-2\">\u00a0<\/div><p>Au-del\u00e0 de votre chambre, nos services 24h\/24 et 7j\/7 subliment votre s\u00e9jour\u00a0: navettes a\u00e9roport gratuites toutes les 15 \u00e0 20\u00a0minutes, enregistrement et d\u00e9part express, consigne \u00e0 bagages s\u00e9curis\u00e9e, r\u00e9ception ouverte 24h\/24 et Wi-Fi haut d\u00e9bit par fibre optique vous garantissent un s\u00e9jour sans souci. Savourez une cuisine fra\u00eechement pr\u00e9par\u00e9e, inspir\u00e9e du terroir, dans notre restaurant sur place, o\u00f9 d&#039;authentiques raviolis shangha\u00efens, des soupes wonton parfum\u00e9es et du caf\u00e9 artisanal sont pr\u00e9par\u00e9s pour les voyageurs press\u00e9s qui ne font aucun compromis sur les saveurs.<\/p>\t\t\t\t\t\t\t\t<\/div>\n\t\t\t\t\t<\/div>\n\t\t<\/div>\n\t\t\t\t\t<\/div>\n\t\t<\/section>\n\t\t\t\t<section class=\"elementor-section elementor-top-section elementor-element elementor-element-1a49739 elementor-section-height-min-height elementor-section-stretched elementor-section-full_width elementor-section-items-stretch elementor-section-height-default elementor-section-column-vertical-align-stretch\" data-id=\"1a49739\" data-element_type=\"section\" data-e-type=\"section\" data-settings=\"{&quot;stretch_section&quot;:&quot;section-stretched&quot;}\">\n\t\t\t\t\t\t<div class=\"elementor-container elementor-column-gap-no\">\n\t\t\t\t\t<div class=\"elementor-column elementor-col-50 elementor-top-column elementor-element elementor-element-4c80888\" data-id=\"4c80888\" data-element_type=\"column\" data-e-type=\"column\">\n\t\t\t<div class=\"elementor-widget-wrap elementor-element-populated\">\n\t\t\t\t\t\t<div class=\"elementor-element elementor-element-abf3bc0 elementor-invisible elementor-widget elementor-widget-text-editor\" data-id=\"abf3bc0\" data-element_type=\"widget\" data-e-type=\"widget\" data-settings=\"{&quot;_animation&quot;:&quot;nussFadeInUp&quot;}\" data-widget_type=\"text-editor.default\">\n\t\t\t\t\t\t\t\t\t<p data-spm-anchor-id=\"a2ty_o01.29997173.0.i28.499dc921lowxQI\">Id\u00e9alement situ\u00e9 le long de l&#039;avenue Yingbin, en plein essor, l&#039;H\u00f4tel Da Zhong Airport est facilement accessible depuis la ligne 2 du m\u00e9tro (station Longyang Road), offrant un acc\u00e8s direct \u00e0 Disneyland Shanghai, au Mus\u00e9e des Sciences et Technologies de Shanghai et aux principaux centres de congr\u00e8s comme le Centre national des expositions et des congr\u00e8s. Avec une architecture \u00e9pur\u00e9e, un design \u00e9co-responsable et un engagement ind\u00e9fectible envers l&#039;hospitalit\u00e9, nous ne nous contentons pas de satisfaire les voyageurs, nous anticipons leurs besoins.<\/p><div class=\"my-2\">\u00a0<\/div><p data-spm-anchor-id=\"a2ty_o01.29997173.0.i27.499dc921lowxQI\">Pour ceux qui recherchent un havre de paix fiable, reposant et id\u00e9alement situ\u00e9 pr\u00e8s de PVG, l&#039;H\u00f4tel Da Zhong Airport n&#039;est pas seulement un endroit o\u00f9 dormir\u00a0: c&#039;est le moyen id\u00e9al de commencer, de faire une pause ou de terminer votre aventure \u00e0 Shanghai. R\u00e9servez directement d\u00e8s aujourd&#039;hui et vivez une exp\u00e9rience de voyage r\u00e9invent\u00e9e\u00a0: efficace, \u00e9l\u00e9gante et enti\u00e8rement \u00e0 votre image.<\/p><div class=\"my-2\">\u00a0<\/div><p><em>Votre vol peut atterrir, mais votre confort commence ici.<\/em><\/p>\t\t\t\t\t\t\t\t<\/div>\n\t\t\t\t\t<\/div>\n\t\t<\/div>\n\t\t\t\t<div class=\"elementor-column elementor-col-50 elementor-top-column elementor-element elementor-element-6807607\" data-id=\"6807607\" data-element_type=\"column\" data-e-type=\"column\">\n\t\t\t<div class=\"elementor-widget-wrap elementor-element-populated\">\n\t\t\t\t\t\t<div class=\"elementor-element elementor-element-ef768fa elementor-widget__width-initial elementor-widget-mobile__width-inherit elementor-invisible nuss-elementor-loading nuss-slide-in-right elementor-widget elementor-widget-image\" data-id=\"ef768fa\" data-element_type=\"widget\" data-e-type=\"widget\" data-settings=\"{&quot;_animation&quot;:&quot;nussSlideInRight&quot;}\" data-widget_type=\"image.default\">\n\t\t\t\t\t\t\t\t\t\t\t\t\t\t\t<img decoding=\"async\" width=\"550\" height=\"414\" src=\"https:\/\/shanghaidazhongairporthotel.com\/wp-content\/uploads\/2025\/09\/Da-Zhong-Airport-Hotel-50.webp\" class=\"attachment-full size-full wp-image-6439\" alt=\"\" srcset=\"https:\/\/shanghaidazhongairporthotel.com\/wp-content\/uploads\/2025\/09\/Da-Zhong-Airport-Hotel-50.webp 550w, https:\/\/shanghaidazhongairporthotel.com\/wp-content\/uploads\/2025\/09\/Da-Zhong-Airport-Hotel-50-300x226.webp 300w, https:\/\/shanghaidazhongairporthotel.com\/wp-content\/uploads\/2025\/09\/Da-Zhong-Airport-Hotel-50-16x12.webp 16w\" sizes=\"(max-width: 550px) 100vw, 550px\" \/>\t\t\t\t\t\t\t\t\t\t\t\t\t\t\t<\/div>\n\t\t\t\t\t<\/div>\n\t\t<\/div>\n\t\t\t\t\t<\/div>\n\t\t<\/section>\n\t\t\t\t<section class=\"elementor-section elementor-top-section elementor-element elementor-element-2092b7d0 elementor-section-stretched elementor-section-boxed elementor-section-gap-beside-yes elementor-section-height-default elementor-section-height-default elementor-section-column-vertical-align-stretch\" data-id=\"2092b7d0\" data-element_type=\"section\" data-e-type=\"section\" data-settings=\"{&quot;background_background&quot;:&quot;classic&quot;,&quot;stretch_section&quot;:&quot;section-stretched&quot;}\">\n\t\t\t\t\t\t<div class=\"elementor-container elementor-column-gap-extended\">\n\t\t\t\t\t<div class=\"elementor-column elementor-col-100 elementor-top-column elementor-element elementor-element-be69d75\" data-id=\"be69d75\" data-element_type=\"column\" data-e-type=\"column\">\n\t\t\t<div class=\"elementor-widget-wrap elementor-element-populated\">\n\t\t\t\t\t\t<div class=\"elementor-element elementor-element-2b25c19 elementor-widget elementor-widget-nuss-heading\" data-id=\"2b25c19\" data-element_type=\"widget\" data-e-type=\"widget\" data-widget_type=\"nuss-heading.default\">\n\t\t\t\t<div class=\"elementor-widget-container\">\n\t\t\t\t\t\t\t<div class=\"nuss-modern-heading\">\r\n\t\t\t\r\n\t\t\t\t\t\t<div class=\"heading-primary-wrap\">\r\n\t\t\t\t<h2 class=\"heading-primary elementor-heading-title\">Ch\u00e8que disponible <\/h2>\t\t\t<\/div>\r\n\t\t\r\n\t\t\t\r\n\t\t\t\t\t<\/div>\r\n\t\t\t\t\t<\/div>\n\t\t\t\t<\/div>\n\t\t\t\t<div class=\"elementor-element elementor-element-5e25746 elementor-widget elementor-widget-text-editor\" data-id=\"5e25746\" data-element_type=\"widget\" data-e-type=\"widget\" data-widget_type=\"text-editor.default\">\n\t\t\t\t\t\t\t\t\t<iframe border=\"0\" src=\"https:\/\/www.trip.com\/partners\/ad\/S5439814?Allianceid=4590391&#038;SID=260538839&#038;trip_sub1=\" style=\"width:900px;height:200px\" frameborder=\"0\" scrolling=\"no\" id=\"S5439814\"><\/iframe>\t\t\t\t\t\t\t\t<\/div>\n\t\t\t\t\t<\/div>\n\t\t<\/div>\n\t\t\t\t\t<\/div>\n\t\t<\/section>\n\t\t\t\t<\/div>","protected":false},"excerpt":{"rendered":"<p>Discover the perfect fusion of convenience, comfort, and contemporary elegance at Hotel Da Zhong Airport Just a mere 3-minute drive from Shanghai Pudong International Airport (PVG). Designed with the modern traveler in mind, this sleek, award-winning airport hotel is your ideal sanctuary before takeoff, between flights, or as a strategic base for business and leisure [&hellip;]<\/p>\n","protected":false},"author":1,"featured_media":0,"parent":0,"menu_order":0,"comment_status":"closed","ping_status":"closed","template":"","meta":{"footnotes":""},"class_list":["post-5266","page","type-page","status-publish","hentry","post-no-thumbnail"],"_links":{"self":[{"href":"https:\/\/shanghaidazhongairporthotel.com\/fr\/wp-json\/wp\/v2\/pages\/5266","targetHints":{"allow":["GET"]}}],"collection":[{"href":"https:\/\/shanghaidazhongairporthotel.com\/fr\/wp-json\/wp\/v2\/pages"}],"about":[{"href":"https:\/\/shanghaidazhongairporthotel.com\/fr\/wp-json\/wp\/v2\/types\/page"}],"author":[{"embeddable":true,"href":"https:\/\/shanghaidazhongairporthotel.com\/fr\/wp-json\/wp\/v2\/users\/1"}],"replies":[{"embeddable":true,"href":"https:\/\/shanghaidazhongairporthotel.com\/fr\/wp-json\/wp\/v2\/comments?post=5266"}],"version-history":[{"count":0,"href":"https:\/\/shanghaidazhongairporthotel.com\/fr\/wp-json\/wp\/v2\/pages\/5266\/revisions"}],"wp:attachment":[{"href":"https:\/\/shanghaidazhongairporthotel.com\/fr\/wp-json\/wp\/v2\/media?parent=5266"}],"curies":[{"name":"wp","href":"https:\/\/api.w.org\/{rel}","templated":true}]}}