{"id":2106,"date":"2021-03-25T04:08:26","date_gmt":"2021-03-25T04:08:26","guid":{"rendered":"http:\/\/localhost\/nuss\/?page_id=298"},"modified":"2025-09-18T09:56:09","modified_gmt":"2025-09-18T09:56:09","slug":"experiences","status":"publish","type":"page","link":"https:\/\/shanghaidazhongairporthotel.com\/fr\/experiences\/","title":{"rendered":"Exp\u00e9riences et avis clients"},"content":{"rendered":"<div data-elementor-type=\"wp-page\" data-elementor-id=\"2106\" class=\"elementor elementor-2106\">\n\t\t\t\t\t\t<section class=\"elementor-section elementor-top-section elementor-element elementor-element-1954ffc elementor-section-boxed elementor-section-gap-beside-yes elementor-section-height-default elementor-section-height-default elementor-section-column-vertical-align-stretch\" data-id=\"1954ffc\" data-element_type=\"section\" data-e-type=\"section\">\n\t\t\t\t\t\t<div class=\"elementor-container elementor-column-gap-extended\">\n\t\t\t\t\t<div class=\"elementor-column elementor-col-100 elementor-top-column elementor-element elementor-element-86aebc5\" data-id=\"86aebc5\" data-element_type=\"column\" data-e-type=\"column\">\n\t\t\t<div class=\"elementor-widget-wrap elementor-element-populated\">\n\t\t\t\t\t\t<div class=\"elementor-element elementor-element-11803d1 elementor-widget__width-initial elementor-invisible elementor-widget elementor-widget-text-editor\" data-id=\"11803d1\" data-element_type=\"widget\" data-e-type=\"widget\" data-settings=\"{&quot;_animation&quot;:&quot;nussFadeInUp&quot;}\" data-widget_type=\"text-editor.default\">\n\t\t\t\t\t\t\t\t\t<p><strong data-spm-anchor-id=\"a2ty_o01.29997173.0.i109.3ac7c921O44zAQ\">Exp\u00e9riences clients et avis authentiques<\/strong><\/p>\t\t\t\t\t\t\t\t<\/div>\n\t\t\t\t\t<\/div>\n\t\t<\/div>\n\t\t\t\t\t<\/div>\n\t\t<\/section>\n\t\t<div class=\"elementor-element elementor-element-3e39171 e-flex e-con-boxed e-con e-parent\" data-id=\"3e39171\" data-element_type=\"container\" data-e-type=\"container\">\n\t\t\t\t\t<div class=\"e-con-inner\">\n\t\t\t\t<div class=\"elementor-element elementor-element-7761d0c elementor-widget elementor-widget-text-editor\" data-id=\"7761d0c\" data-element_type=\"widget\" data-e-type=\"widget\" data-widget_type=\"text-editor.default\">\n\t\t\t\t\t\t\t\t\t<div class=\"svelte-1c06zsf\" data-lang-code=\"\"><p data-spm-anchor-id=\"a2ty_o01.29997173.0.i41.499dc921lowxQI\">\u00c0 l&#039;H\u00f4tel Da Zhong Airport, l&#039;exp\u00e9rience client ne se mesure pas seulement en \u00e9toiles\u00a0: elle s&#039;\u00e9crit en v\u00e9ritables histoires de soulagement, de gratitude et de surprise. Nich\u00e9 \u00e0 quelques minutes de l&#039;a\u00e9roport international de Shanghai-Pudong (PVG), notre h\u00f4tel a su gagner la fid\u00e9lit\u00e9 des voyageurs fatigu\u00e9s, des voyageurs d&#039;affaires et des passagers en transit international, comme en t\u00e9moignent les milliers d&#039;avis authentiques publi\u00e9s sur TripAdvisor et Trip.com, o\u00f9 nous nous classons r\u00e9guli\u00e8rement parmi les 5 meilleurs h\u00f4tels d&#039;a\u00e9roport de Shanghai.<\/p><div class=\"my-2\">\u00a0<\/div><p>Sur <strong>TripAdvisor<\/strong>Nos clients ne cessent de vanter notre \u00ab\u00a0confort incroyable\u00a0\u00bb et notre \u00ab\u00a0\u00e9chappatoire sereine au chaos de l&#039;a\u00e9roport\u00a0\u00bb. Un voyageur allemand a \u00e9crit\u00a0: <em>Apr\u00e8s 14 heures de vol, j&#039;\u00e9tais \u00e9puis\u00e9, mais rentrer dans ma chambre m&#039;a donn\u00e9 l&#039;impression d&#039;entrer dans un cocon de paix. L&#039;insonorisation \u00e9tait parfaite, le lit divin et la navette gratuite est arriv\u00e9e en moins de 5 minutes. Ce n&#039;est pas seulement un h\u00f4tel d&#039;a\u00e9roport\u00a0; c&#039;est une bou\u00e9e de sauvetage.<\/em> Avec plus de 800 avis et une note de 4,7\/5, notre propret\u00e9, la r\u00e9activit\u00e9 de notre personnel et notre rapport qualit\u00e9-prix surpassent syst\u00e9matiquement nos concurrents.<\/p><div class=\"my-2\">\u00a0<\/div><p>Pendant ce temps, sur <strong>Trip.com<\/strong>Notre note moyenne de 9,3\/10 refl\u00e8te les attentes \u00e9lev\u00e9es des voyageurs asiatiques avertis. Un voyageur d&#039;affaires r\u00e9gulier de Singapour a not\u00e9\u00a0: <em>J&#039;ai s\u00e9journ\u00e9 dans six h\u00f4tels diff\u00e9rents pr\u00e8s de PVG ces trois derni\u00e8res ann\u00e9es. Le Da Zhong est le seul \u00e0 proposer des ports USB partout, un petit-d\u00e9jeuner vraiment fait maison et un personnel \u00e0 la r\u00e9ception qui se souvient de votre nom, m\u00eame pour une nuit.<\/em> Notre navette a\u00e9roport disponible 24h\/24 et 7j\/7, salu\u00e9e par 96% d&#039;avis, est souvent d\u00e9crite comme \u00ab plus fiable que mon application de taxi \u00bb, tandis que le stockage gratuit des bagages permet des escales sans tracas sans avoir \u00e0 tra\u00eener des bagages dans les terminaux.<\/p><div class=\"my-2\">\u00a0<\/div><p>Mais ce qui nous distingue vraiment ? C&#039;est le contact humain. Nos clients soulignent la fa\u00e7on dont notre \u00e9quipe va au-del\u00e0 de ses obligations : aider les voyageurs perdus \u00e0 r\u00e9server de nouveaux vols, livrer les chargeurs oubli\u00e9s dans les chambres, ou encore fournir des brosses \u00e0 dents et des pyjamas en cas de retard de nuit. Ces moments, simples mais inoubliables, sont la raison pour laquelle tant de clients reviennent, non seulement comme clients, mais aussi comme ambassadeurs.<\/p><div class=\"my-2\">\u00a0<\/div><p>Que vous preniez un vol \u00e0 5 h du matin, fassiez une escale de 12 heures ou que vous nous utilisiez comme point de d\u00e9part pour explorer Shanghai, nos avis ne se limitent pas au confort\u00a0: ils t\u00e9moignent de la confiance. De vraies personnes. De vrais s\u00e9jours. De vrais r\u00e9sultats.<\/p><div class=\"my-2\">\u00a0<\/div><p data-spm-anchor-id=\"a2ty_o01.29997173.0.i42.499dc921lowxQI\"><strong>Ne nous croyez pas sur parole. Lisez les histoires. Regardez les photos. Ressentez la diff\u00e9rence.<\/strong><br \/>L&#039;h\u00f4tel Da Zhong Airport n&#039;est pas seulement pratique, il est toujours appr\u00e9ci\u00e9. Votre prochaine pause d\u00e9tente \u00e0 Shanghai commence ici.<\/p><\/div>\t\t\t\t\t\t\t\t<\/div>\n\t\t\t\t\t<\/div>\n\t\t\t\t<\/div>\n\t\t\t\t<section class=\"elementor-section elementor-top-section elementor-element elementor-element-6ba6b98a elementor-section-stretched elementor-section-boxed elementor-section-gap-beside-yes elementor-section-height-default elementor-section-height-default elementor-section-column-vertical-align-stretch\" data-id=\"6ba6b98a\" data-element_type=\"section\" data-e-type=\"section\" data-settings=\"{&quot;background_background&quot;:&quot;classic&quot;,&quot;stretch_section&quot;:&quot;section-stretched&quot;}\">\n\t\t\t\t\t\t<div class=\"elementor-container elementor-column-gap-extended\">\n\t\t\t\t\t<div class=\"elementor-column elementor-col-100 elementor-top-column elementor-element elementor-element-757334af\" data-id=\"757334af\" data-element_type=\"column\" data-e-type=\"column\">\n\t\t\t<div class=\"elementor-widget-wrap elementor-element-populated\">\n\t\t\t\t\t\t<div class=\"elementor-element elementor-element-f681d85 elementor-widget elementor-widget-nuss-heading\" data-id=\"f681d85\" data-element_type=\"widget\" data-e-type=\"widget\" data-widget_type=\"nuss-heading.default\">\n\t\t\t\t<div class=\"elementor-widget-container\">\n\t\t\t\t\t\t\t<div class=\"nuss-modern-heading\">\r\n\t\t\t\r\n\t\t\t\t\t\t<div class=\"heading-primary-wrap\">\r\n\t\t\t\t<h2 class=\"heading-primary elementor-heading-title\">Ch\u00e8que disponible <\/h2>\t\t\t<\/div>\r\n\t\t\r\n\t\t\t\r\n\t\t\t\t\t<\/div>\r\n\t\t\t\t\t<\/div>\n\t\t\t\t<\/div>\n\t\t\t\t<div class=\"elementor-element elementor-element-24b88f46 elementor-widget elementor-widget-text-editor\" data-id=\"24b88f46\" data-element_type=\"widget\" data-e-type=\"widget\" data-widget_type=\"text-editor.default\">\n\t\t\t\t\t\t\t\t\t<iframe border=\"0\" src=\"https:\/\/www.trip.com\/partners\/ad\/S5439814?Allianceid=4590391&#038;SID=260538839&#038;trip_sub1=\" style=\"width:900px;height:200px\" frameborder=\"0\" scrolling=\"no\" id=\"S5439814\"><\/iframe>\t\t\t\t\t\t\t\t<\/div>\n\t\t\t\t\t<\/div>\n\t\t<\/div>\n\t\t\t\t\t<\/div>\n\t\t<\/section>\n\t\t\t\t<\/div>","protected":false},"excerpt":{"rendered":"<p>Customer Experiences &amp; Authentic Reviews At Hotel Da Zhong Airport, guest experiences aren\u2019t just measured in stars\u2014they\u2019re written in real stories of relief, gratitude, and surprise. Nestled just minutes from Shanghai Pudong International Airport (PVG), our hotel has earned a loyal following among weary travelers, business commuters, and international transit passengers alike\u2014evidenced by thousands of [&hellip;]<\/p>\n","protected":false},"author":1,"featured_media":0,"parent":0,"menu_order":0,"comment_status":"closed","ping_status":"closed","template":"","meta":{"footnotes":""},"class_list":["post-2106","page","type-page","status-publish","hentry","post-no-thumbnail"],"_links":{"self":[{"href":"https:\/\/shanghaidazhongairporthotel.com\/fr\/wp-json\/wp\/v2\/pages\/2106","targetHints":{"allow":["GET"]}}],"collection":[{"href":"https:\/\/shanghaidazhongairporthotel.com\/fr\/wp-json\/wp\/v2\/pages"}],"about":[{"href":"https:\/\/shanghaidazhongairporthotel.com\/fr\/wp-json\/wp\/v2\/types\/page"}],"author":[{"embeddable":true,"href":"https:\/\/shanghaidazhongairporthotel.com\/fr\/wp-json\/wp\/v2\/users\/1"}],"replies":[{"embeddable":true,"href":"https:\/\/shanghaidazhongairporthotel.com\/fr\/wp-json\/wp\/v2\/comments?post=2106"}],"version-history":[{"count":0,"href":"https:\/\/shanghaidazhongairporthotel.com\/fr\/wp-json\/wp\/v2\/pages\/2106\/revisions"}],"wp:attachment":[{"href":"https:\/\/shanghaidazhongairporthotel.com\/fr\/wp-json\/wp\/v2\/media?parent=2106"}],"curies":[{"name":"wp","href":"https:\/\/api.w.org\/{rel}","templated":true}]}}