{"id":612,"date":"2021-03-26T10:04:13","date_gmt":"2021-03-26T10:04:13","guid":{"rendered":"http:\/\/localhost\/nuss\/?page_id=612"},"modified":"2025-09-18T13:48:31","modified_gmt":"2025-09-18T13:48:31","slug":"restaurante","status":"publish","type":"page","link":"https:\/\/shanghaidazhongairporthotel.com\/es\/restaurante\/","title":{"rendered":"Restaurante"},"content":{"rendered":"<div data-elementor-type=\"wp-page\" data-elementor-id=\"612\" class=\"elementor elementor-612\">\n\t\t\t\t\t\t<section class=\"elementor-section elementor-top-section elementor-element elementor-element-e2effe8 elementor-section-boxed elementor-section-gap-beside-yes elementor-section-height-default elementor-section-height-default elementor-section-column-vertical-align-stretch\" data-id=\"e2effe8\" data-element_type=\"section\" data-e-type=\"section\">\n\t\t\t\t\t\t<div class=\"elementor-container elementor-column-gap-extended\">\n\t\t\t\t\t<div class=\"elementor-column elementor-col-100 elementor-top-column elementor-element elementor-element-e18f688\" data-id=\"e18f688\" data-element_type=\"column\" data-e-type=\"column\">\n\t\t\t<div class=\"elementor-widget-wrap elementor-element-populated\">\n\t\t\t\t\t\t<div class=\"elementor-element elementor-element-6db146d elementor-widget__width-initial elementor-invisible elementor-widget elementor-widget-text-editor\" data-id=\"6db146d\" data-element_type=\"widget\" data-e-type=\"widget\" data-settings=\"{&quot;_animation&quot;:&quot;nussFadeInUp&quot;}\" data-widget_type=\"text-editor.default\">\n\t\t\t\t\t\t\t\t\t<p data-spm-anchor-id=\"a2ty_o01.29997173.0.i60.499dc921lowxQI\">Ubicado dentro de la tranquila eficiencia del Hotel Da Zhong Airport en No. 6001 Yingbin Avenue, Pudong New Area, nuestro restaurante en el lugar redefine lo que puede ser comer en el aeropuerto: lejos de los clich\u00e9s de comidas recalentadas y buffets gen\u00e9ricos, ofrecemos un santuario culinario dise\u00f1ado para el viajero exigente que se niega a sacrificar el sabor por la velocidad.<\/p>\t\t\t\t\t\t\t\t<\/div>\n\t\t\t\t\t<\/div>\n\t\t<\/div>\n\t\t\t\t\t<\/div>\n\t\t<\/section>\n\t\t<div class=\"elementor-element elementor-element-764955e e-flex e-con-boxed e-con e-parent\" data-id=\"764955e\" data-element_type=\"container\" data-e-type=\"container\">\n\t\t\t\t\t<div class=\"e-con-inner\">\n\t\t<div class=\"elementor-element elementor-element-3a71d84 e-con-full e-flex e-con e-child\" data-id=\"3a71d84\" data-element_type=\"container\" data-e-type=\"container\">\n\t\t\t\t<div class=\"elementor-element elementor-element-81a00fb elementor-widget elementor-widget-text-editor\" data-id=\"81a00fb\" data-element_type=\"widget\" data-e-type=\"widget\" data-widget_type=\"text-editor.default\">\n\t\t\t\t\t\t\t\t\t<p>En <strong>Restaurante Da Zhong<\/strong>Creemos que, incluso durante su viaje, su paladar merece una experiencia aut\u00e9ntica. Nuestro men\u00fa es una carta de amor al rico patrimonio gastron\u00f3mico de Shangh\u00e1i, cuidadosamente seleccionado con ingredientes locales, t\u00e9cnicas tradicionales y una presentaci\u00f3n moderna. Desde humeantes cestas de xiaolongbao hechos a mano, rebosantes de sabroso caldo, hasta fragantes tazones de fideos estofados con soja dulce al estilo Wuxi, cocinados a fuego lento durante horas, cada plato se prepara a diario por chefs que honran el alma de la cocina shanghainesa. Para los hu\u00e9spedes internacionales, ofrecemos una selecci\u00f3n equilibrada de platos internacionales: desayunos artesanales con huevos de gallinas camperas, avena cremosa con miel local, caf\u00e9 ar\u00e1bica reci\u00e9n hecho y ensaladas mediterr\u00e1neas ligeras, todo ello elaborado para energizar su viaje sin agobiarlo.<\/p>\t\t\t\t\t\t\t\t<\/div>\n\t\t\t\t<\/div>\n\t\t<div class=\"elementor-element elementor-element-bb76a06 e-con-full e-flex e-con e-child\" data-id=\"bb76a06\" data-element_type=\"container\" data-e-type=\"container\">\n\t\t\t\t<div class=\"elementor-element elementor-element-12b50a9 elementor-widget elementor-widget-image\" data-id=\"12b50a9\" data-element_type=\"widget\" data-e-type=\"widget\" data-widget_type=\"image.default\">\n\t\t\t\t\t\t\t\t\t\t\t\t\t\t\t<img fetchpriority=\"high\" decoding=\"async\" width=\"1024\" height=\"686\" src=\"https:\/\/shanghaidazhongairporthotel.com\/wp-content\/uploads\/2025\/09\/Da-Zhong-Airport-Hotel-10-1024x686.webp\" class=\"attachment-large size-large wp-image-6399\" alt=\"\" srcset=\"https:\/\/shanghaidazhongairporthotel.com\/wp-content\/uploads\/2025\/09\/Da-Zhong-Airport-Hotel-10-1024x686.webp 1024w, https:\/\/shanghaidazhongairporthotel.com\/wp-content\/uploads\/2025\/09\/Da-Zhong-Airport-Hotel-10-300x201.webp 300w, https:\/\/shanghaidazhongairporthotel.com\/wp-content\/uploads\/2025\/09\/Da-Zhong-Airport-Hotel-10-768x514.webp 768w, https:\/\/shanghaidazhongairporthotel.com\/wp-content\/uploads\/2025\/09\/Da-Zhong-Airport-Hotel-10-18x12.webp 18w, https:\/\/shanghaidazhongairporthotel.com\/wp-content\/uploads\/2025\/09\/Da-Zhong-Airport-Hotel-10.webp 1274w\" sizes=\"(max-width: 1024px) 100vw, 1024px\" \/>\t\t\t\t\t\t\t\t\t\t\t\t\t\t\t<\/div>\n\t\t\t\t<\/div>\n\t\t\t\t\t<\/div>\n\t\t\t\t<\/div>\n\t\t<div class=\"elementor-element elementor-element-d05381b e-flex e-con-boxed e-con e-parent\" data-id=\"d05381b\" data-element_type=\"container\" data-e-type=\"container\">\n\t\t\t\t\t<div class=\"e-con-inner\">\n\t\t\t\t<div class=\"elementor-element elementor-element-53bd849 elementor-widget elementor-widget-text-editor\" data-id=\"53bd849\" data-element_type=\"widget\" data-e-type=\"widget\" data-widget_type=\"text-editor.default\">\n\t\t\t\t\t\t\t\t\t<p data-spm-anchor-id=\"a2ty_o01.29997173.0.i61.499dc921lowxQI\">Abierto desde el amanecer hasta bien entrada la noche, nuestro restaurante se adapta al ritmo de los viajes a\u00e9reos: ya sea para picar algo r\u00e1pido antes de un despegue a las 5:00, reponer fuerzas tras un aterrizaje nocturno a medianoche o disfrutar de un momento de tranquilidad durante una larga escala, aqu\u00ed estamos, sin prisas ni asfixia. Cene en nuestro espacio minimalista, con una iluminaci\u00f3n tenue y ventanales que ofrecen serenas vistas de las luces de la pista o del horizonte de Pudong a lo lejos, o pida comida para llevar y disfrute en la comodidad de su habitaci\u00f3n.<\/p><div class=\"my-2\">\u00a0<\/div><p data-spm-anchor-id=\"a2ty_o01.29997173.0.i63.499dc921lowxQI\">\u00bfQu\u00e9 nos distingue? No tratamos la comida como algo secundario. Nuestra cocina funciona como un bistr\u00f3 de barrio, no como un puesto de comida. Nada de comidas precocinadas. Nada de atajos en el microondas. Solo ingredientes aut\u00e9nticos, elaborados con cari\u00f1o y servidos con calidez. Incluso nuestra selecci\u00f3n de t\u00e9s incluye variedades premium de hojas sueltas de las cercanas colinas de Zhejiang, con una infusi\u00f3n perfecta.<\/p><div class=\"my-2\">\u00a0<\/div><p>Para viajeros de negocios que necesitan una reuni\u00f3n discreta tomando un caf\u00e9, parejas que buscan un momento rom\u00e1ntico entre vuelos o familias que disfrutan de su primera experiencia en Shangh\u00e1i, nuestro restaurante se convierte en m\u00e1s que un simple lugar para comer. Se convierte en una parada memorable en su viaje.<\/p><div class=\"my-2\">\u00a0<\/div><p>Ubicado a solo minutos del Aeropuerto Internacional de Shangh\u00e1i-Pudong (PVG) y f\u00e1cilmente accesible con nuestro servicio de transporte gratuito, el Restaurante Da Zhong no es solo una opci\u00f3n gastron\u00f3mica de hotel, sino un destino en s\u00ed mismo. Tanto si vuela a Shangh\u00e1i por primera vez como si regresa por d\u00e9cima vez, perm\u00edtanos deleitarle con los aut\u00e9nticos sabores de la ciudad, servidos con la tranquilidad y el cuidado que merece.<\/p><div class=\"my-2\">\u00a0<\/div><p><strong>Porque incluso cuando est\u00e1s en movimiento, tu comida debe sentirse como en casa.<\/strong><\/p><div class=\"my-2\">\u00a0<\/div><p><em>Abierto todos los d\u00edas | Desayuno: 6:30 a. m. a 10:00 a. m. | Almuerzo y cena: 11:30 a. m. a 10:00 p. m. | Comida para llevar disponible las 24 horas, los 7 d\u00edas de la semana<\/em><\/p>\t\t\t\t\t\t\t\t<\/div>\n\t\t\t\t\t<\/div>\n\t\t\t\t<\/div>\n\t\t\t\t<section class=\"elementor-section elementor-top-section elementor-element elementor-element-2cb6ae8d elementor-section-stretched elementor-section-boxed elementor-section-gap-beside-yes elementor-section-height-default elementor-section-height-default elementor-section-column-vertical-align-stretch\" data-id=\"2cb6ae8d\" data-element_type=\"section\" data-e-type=\"section\" data-settings=\"{&quot;background_background&quot;:&quot;classic&quot;,&quot;stretch_section&quot;:&quot;section-stretched&quot;}\">\n\t\t\t\t\t\t<div class=\"elementor-container elementor-column-gap-extended\">\n\t\t\t\t\t<div class=\"elementor-column elementor-col-100 elementor-top-column elementor-element elementor-element-3cc1e7d2\" data-id=\"3cc1e7d2\" data-element_type=\"column\" data-e-type=\"column\">\n\t\t\t<div class=\"elementor-widget-wrap elementor-element-populated\">\n\t\t\t\t\t\t<div class=\"elementor-element elementor-element-4629bc3a elementor-widget elementor-widget-nuss-heading\" data-id=\"4629bc3a\" data-element_type=\"widget\" data-e-type=\"widget\" data-widget_type=\"nuss-heading.default\">\n\t\t\t\t<div class=\"elementor-widget-container\">\n\t\t\t\t\t\t\t<div class=\"nuss-modern-heading\">\r\n\t\t\t\r\n\t\t\t\t\t\t<div class=\"heading-primary-wrap\">\r\n\t\t\t\t<h2 class=\"heading-primary elementor-heading-title\">Consultar disponibilidad <\/h2>\t\t\t<\/div>\r\n\t\t\r\n\t\t\t\r\n\t\t\t\t\t<\/div>\r\n\t\t\t\t\t<\/div>\n\t\t\t\t<\/div>\n\t\t\t\t<div class=\"elementor-element elementor-element-6be81cf3 elementor-widget elementor-widget-text-editor\" data-id=\"6be81cf3\" data-element_type=\"widget\" data-e-type=\"widget\" data-widget_type=\"text-editor.default\">\n\t\t\t\t\t\t\t\t\t<iframe border=\"0\" src=\"https:\/\/www.trip.com\/partners\/ad\/S5439814?Allianceid=4590391&#038;SID=260538839&#038;trip_sub1=\" style=\"width:900px;height:200px\" frameborder=\"0\" scrolling=\"no\" id=\"S5439814\"><\/iframe>\t\t\t\t\t\t\t\t<\/div>\n\t\t\t\t\t<\/div>\n\t\t<\/div>\n\t\t\t\t\t<\/div>\n\t\t<\/section>\n\t\t\t\t<\/div>","protected":false},"excerpt":{"rendered":"<p>Nestled within the quiet efficiency of Hotel Da Zhong Airport at No. 6001 Yingbin Avenue, Pudong New Area, our on-site restaurant redefines what airport dining can be \u2014 far from the clich\u00e9s of reheated meals and generic buffets, we offer a culinary sanctuary designed for the discerning traveler who refuses to compromise flavor for speed. [&hellip;]<\/p>\n","protected":false},"author":1,"featured_media":0,"parent":0,"menu_order":0,"comment_status":"closed","ping_status":"closed","template":"","meta":{"footnotes":""},"class_list":["post-612","page","type-page","status-publish","hentry","post-no-thumbnail"],"_links":{"self":[{"href":"https:\/\/shanghaidazhongairporthotel.com\/es\/wp-json\/wp\/v2\/pages\/612","targetHints":{"allow":["GET"]}}],"collection":[{"href":"https:\/\/shanghaidazhongairporthotel.com\/es\/wp-json\/wp\/v2\/pages"}],"about":[{"href":"https:\/\/shanghaidazhongairporthotel.com\/es\/wp-json\/wp\/v2\/types\/page"}],"author":[{"embeddable":true,"href":"https:\/\/shanghaidazhongairporthotel.com\/es\/wp-json\/wp\/v2\/users\/1"}],"replies":[{"embeddable":true,"href":"https:\/\/shanghaidazhongairporthotel.com\/es\/wp-json\/wp\/v2\/comments?post=612"}],"version-history":[{"count":0,"href":"https:\/\/shanghaidazhongairporthotel.com\/es\/wp-json\/wp\/v2\/pages\/612\/revisions"}],"wp:attachment":[{"href":"https:\/\/shanghaidazhongairporthotel.com\/es\/wp-json\/wp\/v2\/media?parent=612"}],"curies":[{"name":"wp","href":"https:\/\/api.w.org\/{rel}","templated":true}]}}