{"id":5266,"date":"2021-07-18T08:03:35","date_gmt":"2021-07-18T08:03:35","guid":{"rendered":"https:\/\/nuss.uxper.co\/luxury-resort\/?page_id=5266"},"modified":"2025-09-18T09:39:52","modified_gmt":"2025-09-18T09:39:52","slug":"sobre-nosotros","status":"publish","type":"page","link":"https:\/\/shanghaidazhongairporthotel.com\/es\/sobre-nosotros\/","title":{"rendered":"Sobre nosotros"},"content":{"rendered":"<div data-elementor-type=\"wp-page\" data-elementor-id=\"5266\" class=\"elementor elementor-5266\">\n\t\t\t\t\t\t<section class=\"elementor-section elementor-top-section elementor-element elementor-element-10416953 elementor-section-boxed elementor-section-gap-beside-yes elementor-section-height-default elementor-section-height-default elementor-section-column-vertical-align-stretch\" data-id=\"10416953\" data-element_type=\"section\" data-e-type=\"section\">\n\t\t\t\t\t\t<div class=\"elementor-container elementor-column-gap-extended\">\n\t\t\t\t\t<div class=\"elementor-column elementor-col-100 elementor-top-column elementor-element elementor-element-29c6aa8\" data-id=\"29c6aa8\" data-element_type=\"column\" data-e-type=\"column\">\n\t\t\t<div class=\"elementor-widget-wrap elementor-element-populated\">\n\t\t\t\t\t\t<div class=\"elementor-element elementor-element-7be18fe7 elementor-widget__width-initial elementor-invisible elementor-widget elementor-widget-text-editor\" data-id=\"7be18fe7\" data-element_type=\"widget\" data-e-type=\"widget\" data-settings=\"{&quot;_animation&quot;:&quot;nussFadeInUp&quot;}\" data-widget_type=\"text-editor.default\">\n\t\t\t\t\t\t\t\t\t<p>Descubra la fusi\u00f3n perfecta de conveniencia, comodidad y elegancia contempor\u00e1nea en <strong>Hotel Da Zhong Aeropuerto<\/strong><\/p>\t\t\t\t\t\t\t\t<\/div>\n\t\t\t\t\t<\/div>\n\t\t<\/div>\n\t\t\t\t\t<\/div>\n\t\t<\/section>\n\t\t\t\t<section class=\"elementor-section elementor-top-section elementor-element elementor-element-7d18327f elementor-section-boxed elementor-section-gap-beside-yes elementor-section-height-default elementor-section-height-default elementor-section-column-vertical-align-stretch\" data-id=\"7d18327f\" data-element_type=\"section\" data-e-type=\"section\">\n\t\t\t\t\t\t<div class=\"elementor-container elementor-column-gap-extended\">\n\t\t\t\t\t<div class=\"elementor-column elementor-col-50 elementor-top-column elementor-element elementor-element-56533670\" data-id=\"56533670\" data-element_type=\"column\" data-e-type=\"column\">\n\t\t\t<div class=\"elementor-widget-wrap elementor-element-populated\">\n\t\t\t\t\t\t<div class=\"elementor-element elementor-element-19c3f543 elementor-invisible elementor-widget elementor-widget-text-editor\" data-id=\"19c3f543\" data-element_type=\"widget\" data-e-type=\"widget\" data-settings=\"{&quot;_animation&quot;:&quot;nussFadeInUp&quot;}\" data-widget_type=\"text-editor.default\">\n\t\t\t\t\t\t\t\t\t<p>A solo 3 minutos en coche del Aeropuerto Internacional de Shangh\u00e1i-Pudong (PVG). Dise\u00f1ado pensando en el viajero moderno, este elegante y galardonado hotel de aeropuerto es su refugio ideal antes del despegue, entre vuelos o como base estrat\u00e9gica para explorar, tanto por negocios como por placer, una de las metr\u00f3polis m\u00e1s vibrantes de Asia.<\/p>\t\t\t\t\t\t\t\t<\/div>\n\t\t\t\t\t<\/div>\n\t\t<\/div>\n\t\t\t\t<div class=\"elementor-column elementor-col-50 elementor-top-column elementor-element elementor-element-30f14127\" data-id=\"30f14127\" data-element_type=\"column\" data-e-type=\"column\">\n\t\t\t<div class=\"elementor-widget-wrap elementor-element-populated\">\n\t\t\t\t\t\t<div class=\"elementor-element elementor-element-59aea08 elementor-widget elementor-widget-image\" data-id=\"59aea08\" data-element_type=\"widget\" data-e-type=\"widget\" data-widget_type=\"image.default\">\n\t\t\t\t\t\t\t\t\t\t\t\t\t\t\t<img fetchpriority=\"high\" decoding=\"async\" width=\"800\" height=\"449\" src=\"https:\/\/shanghaidazhongairporthotel.com\/wp-content\/uploads\/2025\/09\/Da-Zhong-Airport-Hotel-54.webp\" class=\"attachment-large size-large wp-image-6443\" alt=\"\" srcset=\"https:\/\/shanghaidazhongairporthotel.com\/wp-content\/uploads\/2025\/09\/Da-Zhong-Airport-Hotel-54.webp 800w, https:\/\/shanghaidazhongairporthotel.com\/wp-content\/uploads\/2025\/09\/Da-Zhong-Airport-Hotel-54-300x168.webp 300w, https:\/\/shanghaidazhongairporthotel.com\/wp-content\/uploads\/2025\/09\/Da-Zhong-Airport-Hotel-54-768x431.webp 768w, https:\/\/shanghaidazhongairporthotel.com\/wp-content\/uploads\/2025\/09\/Da-Zhong-Airport-Hotel-54-18x10.webp 18w\" sizes=\"(max-width: 800px) 100vw, 800px\" \/>\t\t\t\t\t\t\t\t\t\t\t\t\t\t\t<\/div>\n\t\t\t\t\t<\/div>\n\t\t<\/div>\n\t\t\t\t\t<\/div>\n\t\t<\/section>\n\t\t\t\t<section class=\"elementor-section elementor-top-section elementor-element elementor-element-29fb8578 elementor-section-height-min-height elementor-section-stretched elementor-section-full_width elementor-section-items-stretch elementor-section-height-default elementor-section-column-vertical-align-stretch\" data-id=\"29fb8578\" data-element_type=\"section\" data-e-type=\"section\" data-settings=\"{&quot;stretch_section&quot;:&quot;section-stretched&quot;}\">\n\t\t\t\t\t\t<div class=\"elementor-container elementor-column-gap-no\">\n\t\t\t\t\t<div class=\"elementor-column elementor-col-50 elementor-top-column elementor-element elementor-element-40ac270b\" data-id=\"40ac270b\" data-element_type=\"column\" data-e-type=\"column\">\n\t\t\t<div class=\"elementor-widget-wrap elementor-element-populated\">\n\t\t\t\t\t\t<div class=\"elementor-element elementor-element-20872773 elementor-widget__width-initial elementor-widget-mobile__width-inherit elementor-invisible nuss-elementor-loading nuss-slide-in-right elementor-widget elementor-widget-image\" data-id=\"20872773\" data-element_type=\"widget\" data-e-type=\"widget\" data-settings=\"{&quot;_animation&quot;:&quot;nussSlideInRight&quot;}\" data-widget_type=\"image.default\">\n\t\t\t\t\t\t\t\t\t\t\t\t\t\t\t<img decoding=\"async\" width=\"1280\" height=\"850\" src=\"https:\/\/shanghaidazhongairporthotel.com\/wp-content\/uploads\/2025\/09\/Da-Zhong-Airport-Hotel-17.webp\" class=\"attachment-full size-full wp-image-6406\" alt=\"\" srcset=\"https:\/\/shanghaidazhongairporthotel.com\/wp-content\/uploads\/2025\/09\/Da-Zhong-Airport-Hotel-17.webp 1280w, https:\/\/shanghaidazhongairporthotel.com\/wp-content\/uploads\/2025\/09\/Da-Zhong-Airport-Hotel-17-300x199.webp 300w, https:\/\/shanghaidazhongairporthotel.com\/wp-content\/uploads\/2025\/09\/Da-Zhong-Airport-Hotel-17-1024x680.webp 1024w, https:\/\/shanghaidazhongairporthotel.com\/wp-content\/uploads\/2025\/09\/Da-Zhong-Airport-Hotel-17-768x510.webp 768w, https:\/\/shanghaidazhongairporthotel.com\/wp-content\/uploads\/2025\/09\/Da-Zhong-Airport-Hotel-17-18x12.webp 18w\" sizes=\"(max-width: 1280px) 100vw, 1280px\" \/>\t\t\t\t\t\t\t\t\t\t\t\t\t\t\t<\/div>\n\t\t\t\t\t<\/div>\n\t\t<\/div>\n\t\t\t\t<div class=\"elementor-column elementor-col-50 elementor-top-column elementor-element elementor-element-2dac103\" data-id=\"2dac103\" data-element_type=\"column\" data-e-type=\"column\">\n\t\t\t<div class=\"elementor-widget-wrap elementor-element-populated\">\n\t\t\t\t\t\t<div class=\"elementor-element elementor-element-6f1b8966 elementor-invisible elementor-widget elementor-widget-text-editor\" data-id=\"6f1b8966\" data-element_type=\"widget\" data-e-type=\"widget\" data-settings=\"{&quot;_animation&quot;:&quot;nussFadeInUp&quot;}\" data-widget_type=\"text-editor.default\">\n\t\t\t\t\t\t\t\t\t<p data-spm-anchor-id=\"a2ty_o01.29997173.0.i25.499dc921lowxQI\">Ya sea un pasajero transatl\u00e1ntico con jet lag, un ejecutivo corporativo asistiendo a reuniones en el Centro Financiero Mundial de Shangh\u00e1i o un turista deseoso de explorar el Bund, la Torre de la Perla Oriental o el deslumbrante horizonte de Lujiazui, el Hotel Da Zhong Airport ofrece una accesibilidad inigualable sin sacrificar la serenidad. Nuestras habitaciones, meticulosamente dise\u00f1adas, cuentan con insonorizaci\u00f3n premium, espacios de trabajo ergon\u00f3micos con puertos de carga USB, lujosa ropa de cama hipoalerg\u00e9nica y vistas panor\u00e1micas de las vibrantes luces de la ciudad o del tranquilo ritmo de la actividad en la pista, ofreciendo paz en medio del bullicio urbano.<\/p><div class=\"my-2\">\u00a0<\/div><p>M\u00e1s all\u00e1 de la habitaci\u00f3n, nuestros servicios 24\/7 mejoran su estancia: autobuses gratuitos al aeropuerto con salidas cada 15-20 minutos, check-in\/check-out expr\u00e9s, consigna de equipaje segura, atenci\u00f3n en recepci\u00f3n las 24 horas y wifi de fibra \u00f3ptica de alta velocidad garantizan una estancia sin complicaciones durante todo el viaje. Disfrute de la cocina reci\u00e9n preparada de inspiraci\u00f3n local en nuestro restaurante, donde se elaboran aut\u00e9nticos dumplings shanghaineses, fragantes sopas wonton y caf\u00e9 artesanal para viajeros con poco tiempo que no quieren renunciar al sabor.<\/p>\t\t\t\t\t\t\t\t<\/div>\n\t\t\t\t\t<\/div>\n\t\t<\/div>\n\t\t\t\t\t<\/div>\n\t\t<\/section>\n\t\t\t\t<section class=\"elementor-section elementor-top-section elementor-element elementor-element-1a49739 elementor-section-height-min-height elementor-section-stretched elementor-section-full_width elementor-section-items-stretch elementor-section-height-default elementor-section-column-vertical-align-stretch\" data-id=\"1a49739\" data-element_type=\"section\" data-e-type=\"section\" data-settings=\"{&quot;stretch_section&quot;:&quot;section-stretched&quot;}\">\n\t\t\t\t\t\t<div class=\"elementor-container elementor-column-gap-no\">\n\t\t\t\t\t<div class=\"elementor-column elementor-col-50 elementor-top-column elementor-element elementor-element-4c80888\" data-id=\"4c80888\" data-element_type=\"column\" data-e-type=\"column\">\n\t\t\t<div class=\"elementor-widget-wrap elementor-element-populated\">\n\t\t\t\t\t\t<div class=\"elementor-element elementor-element-abf3bc0 elementor-invisible elementor-widget elementor-widget-text-editor\" data-id=\"abf3bc0\" data-element_type=\"widget\" data-e-type=\"widget\" data-settings=\"{&quot;_animation&quot;:&quot;nussFadeInUp&quot;}\" data-widget_type=\"text-editor.default\">\n\t\t\t\t\t\t\t\t\t<p data-spm-anchor-id=\"a2ty_o01.29997173.0.i28.499dc921lowxQI\">Estrat\u00e9gicamente ubicado en la vibrante Avenida Yingbin, el Hotel Da Zhong Airport se conecta f\u00e1cilmente con la L\u00ednea 2 del Metro (Estaci\u00f3n Longyang Road), lo que permite acceder directamente a Disneyland Shangh\u00e1i, el Museo de Ciencia y Tecnolog\u00eda de Shangh\u00e1i y a importantes centros de convenciones como el Centro Nacional de Exposiciones y Convenciones. Con una arquitectura limpia, un dise\u00f1o ecol\u00f3gico y un compromiso inquebrantable con la hospitalidad, no solo nos adaptamos a las necesidades de los viajeros, sino que nos anticipamos a sus necesidades.<\/p><div class=\"my-2\">\u00a0<\/div><p data-spm-anchor-id=\"a2ty_o01.29997173.0.i27.499dc921lowxQI\">Para quienes buscan un refugio confiable, tranquilo y con una ubicaci\u00f3n privilegiada cerca del Aeropuerto Internacional de Shangh\u00e1i (PVG), el Hotel Da Zhong Airport no es solo un lugar para dormir: es la mejor manera de comenzar, pausar o terminar su aventura en Shangh\u00e1i. Reserve hoy mismo y experimente una experiencia de viaje renovada: eficiente, elegante y totalmente suya.<\/p><div class=\"my-2\">\u00a0<\/div><p><em>Tu vuelo puede aterrizar, pero tu comodidad comienza aqu\u00ed.<\/em><\/p>\t\t\t\t\t\t\t\t<\/div>\n\t\t\t\t\t<\/div>\n\t\t<\/div>\n\t\t\t\t<div class=\"elementor-column elementor-col-50 elementor-top-column elementor-element elementor-element-6807607\" data-id=\"6807607\" data-element_type=\"column\" data-e-type=\"column\">\n\t\t\t<div class=\"elementor-widget-wrap elementor-element-populated\">\n\t\t\t\t\t\t<div class=\"elementor-element elementor-element-ef768fa elementor-widget__width-initial elementor-widget-mobile__width-inherit elementor-invisible nuss-elementor-loading nuss-slide-in-right elementor-widget elementor-widget-image\" data-id=\"ef768fa\" data-element_type=\"widget\" data-e-type=\"widget\" data-settings=\"{&quot;_animation&quot;:&quot;nussSlideInRight&quot;}\" data-widget_type=\"image.default\">\n\t\t\t\t\t\t\t\t\t\t\t\t\t\t\t<img decoding=\"async\" width=\"550\" height=\"414\" src=\"https:\/\/shanghaidazhongairporthotel.com\/wp-content\/uploads\/2025\/09\/Da-Zhong-Airport-Hotel-50.webp\" class=\"attachment-full size-full wp-image-6439\" alt=\"\" srcset=\"https:\/\/shanghaidazhongairporthotel.com\/wp-content\/uploads\/2025\/09\/Da-Zhong-Airport-Hotel-50.webp 550w, https:\/\/shanghaidazhongairporthotel.com\/wp-content\/uploads\/2025\/09\/Da-Zhong-Airport-Hotel-50-300x226.webp 300w, https:\/\/shanghaidazhongairporthotel.com\/wp-content\/uploads\/2025\/09\/Da-Zhong-Airport-Hotel-50-16x12.webp 16w\" sizes=\"(max-width: 550px) 100vw, 550px\" \/>\t\t\t\t\t\t\t\t\t\t\t\t\t\t\t<\/div>\n\t\t\t\t\t<\/div>\n\t\t<\/div>\n\t\t\t\t\t<\/div>\n\t\t<\/section>\n\t\t\t\t<section class=\"elementor-section elementor-top-section elementor-element elementor-element-2092b7d0 elementor-section-stretched elementor-section-boxed elementor-section-gap-beside-yes elementor-section-height-default elementor-section-height-default elementor-section-column-vertical-align-stretch\" data-id=\"2092b7d0\" data-element_type=\"section\" data-e-type=\"section\" data-settings=\"{&quot;background_background&quot;:&quot;classic&quot;,&quot;stretch_section&quot;:&quot;section-stretched&quot;}\">\n\t\t\t\t\t\t<div class=\"elementor-container elementor-column-gap-extended\">\n\t\t\t\t\t<div class=\"elementor-column elementor-col-100 elementor-top-column elementor-element elementor-element-be69d75\" data-id=\"be69d75\" data-element_type=\"column\" data-e-type=\"column\">\n\t\t\t<div class=\"elementor-widget-wrap elementor-element-populated\">\n\t\t\t\t\t\t<div class=\"elementor-element elementor-element-2b25c19 elementor-widget elementor-widget-nuss-heading\" data-id=\"2b25c19\" data-element_type=\"widget\" data-e-type=\"widget\" data-widget_type=\"nuss-heading.default\">\n\t\t\t\t<div class=\"elementor-widget-container\">\n\t\t\t\t\t\t\t<div class=\"nuss-modern-heading\">\r\n\t\t\t\r\n\t\t\t\t\t\t<div class=\"heading-primary-wrap\">\r\n\t\t\t\t<h2 class=\"heading-primary elementor-heading-title\">Consultar disponibilidad <\/h2>\t\t\t<\/div>\r\n\t\t\r\n\t\t\t\r\n\t\t\t\t\t<\/div>\r\n\t\t\t\t\t<\/div>\n\t\t\t\t<\/div>\n\t\t\t\t<div class=\"elementor-element elementor-element-5e25746 elementor-widget elementor-widget-text-editor\" data-id=\"5e25746\" data-element_type=\"widget\" data-e-type=\"widget\" data-widget_type=\"text-editor.default\">\n\t\t\t\t\t\t\t\t\t<iframe border=\"0\" src=\"https:\/\/www.trip.com\/partners\/ad\/S5439814?Allianceid=4590391&#038;SID=260538839&#038;trip_sub1=\" style=\"width:900px;height:200px\" frameborder=\"0\" scrolling=\"no\" id=\"S5439814\"><\/iframe>\t\t\t\t\t\t\t\t<\/div>\n\t\t\t\t\t<\/div>\n\t\t<\/div>\n\t\t\t\t\t<\/div>\n\t\t<\/section>\n\t\t\t\t<\/div>","protected":false},"excerpt":{"rendered":"<p>Discover the perfect fusion of convenience, comfort, and contemporary elegance at Hotel Da Zhong Airport Just a mere 3-minute drive from Shanghai Pudong International Airport (PVG). Designed with the modern traveler in mind, this sleek, award-winning airport hotel is your ideal sanctuary before takeoff, between flights, or as a strategic base for business and leisure [&hellip;]<\/p>\n","protected":false},"author":1,"featured_media":0,"parent":0,"menu_order":0,"comment_status":"closed","ping_status":"closed","template":"","meta":{"footnotes":""},"class_list":["post-5266","page","type-page","status-publish","hentry","post-no-thumbnail"],"_links":{"self":[{"href":"https:\/\/shanghaidazhongairporthotel.com\/es\/wp-json\/wp\/v2\/pages\/5266","targetHints":{"allow":["GET"]}}],"collection":[{"href":"https:\/\/shanghaidazhongairporthotel.com\/es\/wp-json\/wp\/v2\/pages"}],"about":[{"href":"https:\/\/shanghaidazhongairporthotel.com\/es\/wp-json\/wp\/v2\/types\/page"}],"author":[{"embeddable":true,"href":"https:\/\/shanghaidazhongairporthotel.com\/es\/wp-json\/wp\/v2\/users\/1"}],"replies":[{"embeddable":true,"href":"https:\/\/shanghaidazhongairporthotel.com\/es\/wp-json\/wp\/v2\/comments?post=5266"}],"version-history":[{"count":0,"href":"https:\/\/shanghaidazhongairporthotel.com\/es\/wp-json\/wp\/v2\/pages\/5266\/revisions"}],"wp:attachment":[{"href":"https:\/\/shanghaidazhongairporthotel.com\/es\/wp-json\/wp\/v2\/media?parent=5266"}],"curies":[{"name":"wp","href":"https:\/\/api.w.org\/{rel}","templated":true}]}}