{"id":2106,"date":"2021-03-25T04:08:26","date_gmt":"2021-03-25T04:08:26","guid":{"rendered":"http:\/\/localhost\/nuss\/?page_id=298"},"modified":"2025-09-18T09:56:09","modified_gmt":"2025-09-18T09:56:09","slug":"experiencias","status":"publish","type":"page","link":"https:\/\/shanghaidazhongairporthotel.com\/es\/experiencias\/","title":{"rendered":"Experiencias y rese\u00f1as de clientes"},"content":{"rendered":"<div data-elementor-type=\"wp-page\" data-elementor-id=\"2106\" class=\"elementor elementor-2106\">\n\t\t\t\t\t\t<section class=\"elementor-section elementor-top-section elementor-element elementor-element-1954ffc elementor-section-boxed elementor-section-gap-beside-yes elementor-section-height-default elementor-section-height-default elementor-section-column-vertical-align-stretch\" data-id=\"1954ffc\" data-element_type=\"section\" data-e-type=\"section\">\n\t\t\t\t\t\t<div class=\"elementor-container elementor-column-gap-extended\">\n\t\t\t\t\t<div class=\"elementor-column elementor-col-100 elementor-top-column elementor-element elementor-element-86aebc5\" data-id=\"86aebc5\" data-element_type=\"column\" data-e-type=\"column\">\n\t\t\t<div class=\"elementor-widget-wrap elementor-element-populated\">\n\t\t\t\t\t\t<div class=\"elementor-element elementor-element-11803d1 elementor-widget__width-initial elementor-invisible elementor-widget elementor-widget-text-editor\" data-id=\"11803d1\" data-element_type=\"widget\" data-e-type=\"widget\" data-settings=\"{&quot;_animation&quot;:&quot;nussFadeInUp&quot;}\" data-widget_type=\"text-editor.default\">\n\t\t\t\t\t\t\t\t\t<p><strong data-spm-anchor-id=\"a2ty_o01.29997173.0.i109.3ac7c921O44zAQ\">Experiencias de clientes y rese\u00f1as aut\u00e9nticas<\/strong><\/p>\t\t\t\t\t\t\t\t<\/div>\n\t\t\t\t\t<\/div>\n\t\t<\/div>\n\t\t\t\t\t<\/div>\n\t\t<\/section>\n\t\t<div class=\"elementor-element elementor-element-3e39171 e-flex e-con-boxed e-con e-parent\" data-id=\"3e39171\" data-element_type=\"container\" data-e-type=\"container\">\n\t\t\t\t\t<div class=\"e-con-inner\">\n\t\t\t\t<div class=\"elementor-element elementor-element-7761d0c elementor-widget elementor-widget-text-editor\" data-id=\"7761d0c\" data-element_type=\"widget\" data-e-type=\"widget\" data-widget_type=\"text-editor.default\">\n\t\t\t\t\t\t\t\t\t<div class=\"svelte-1c06zsf\" data-lang-code=\"\"><p data-spm-anchor-id=\"a2ty_o01.29997173.0.i41.499dc921lowxQI\">En el Hotel Da Zhong Airport, la experiencia de nuestros hu\u00e9spedes no se mide solo en estrellas, sino en historias reales de alivio, gratitud y sorpresa. Ubicado a pocos minutos del Aeropuerto Internacional de Shangh\u00e1i-Pudong (PVG), nuestro hotel se ha ganado una clientela fiel entre viajeros cansados, viajeros de negocios y pasajeros en tr\u00e1nsito internacional, como lo demuestran miles de rese\u00f1as aut\u00e9nticas en TripAdvisor y Trip.com, donde constantemente nos clasificamos entre los 5 mejores hoteles de aeropuerto de Shangh\u00e1i.<\/p><div class=\"my-2\">\u00a0<\/div><p>En <strong>TripAdvisor<\/strong>Los hu\u00e9spedes elogian repetidamente nuestra &quot;incre\u00edble comodidad&quot; y nuestra &quot;tranquilidad para escapar del caos del aeropuerto&quot;. Un viajero de Alemania escribi\u00f3: <em>Despu\u00e9s de un vuelo de 14 horas, estaba agotado, pero al entrar en mi habitaci\u00f3n me sent\u00ed como en un refugio de paz. La insonorizaci\u00f3n era excepcional, la cama divina y el transporte gratuito lleg\u00f3 en menos de 5 minutos. Este no es solo un hotel de aeropuerto; es un salvavidas.<\/em> Con m\u00e1s de 800 rese\u00f1as y una calificaci\u00f3n de 4,7\/5, nuestra limpieza, capacidad de respuesta del personal y relaci\u00f3n calidad-precio superan constantemente a la competencia.<\/p><div class=\"my-2\">\u00a0<\/div><p>Mientras tanto, en <strong>Trip.com<\/strong>Nuestra puntuaci\u00f3n media de 9,3\/10 refleja las altas expectativas de los viajeros expertos de Asia. Un viajero frecuente de negocios de Singapur coment\u00f3: <em>Me he alojado en seis hoteles diferentes cerca de PVG en los \u00faltimos tres a\u00f1os. Da Zhong es el \u00fanico con puertos USB en todas partes, un desayuno con sabor casero y un personal de recepci\u00f3n que recuerda tu nombre, incluso si est\u00e1s aqu\u00ed solo una noche.<\/em> Nuestro servicio de transporte al aeropuerto disponible las 24 horas, los 7 d\u00edas de la semana, elogiado por 96% de usuarios, a menudo se describe como &quot;m\u00e1s confiable que mi aplicaci\u00f3n de taxis&quot;, mientras que el almacenamiento de equipaje gratuito permite escalas sin problemas sin la molestia de arrastrar maletas por las terminales.<\/p><div class=\"my-2\">\u00a0<\/div><p>Pero \u00bfqu\u00e9 es lo que realmente nos distingue? Es el trato humano. Los hu\u00e9spedes destacan c\u00f3mo nuestro equipo va m\u00e1s all\u00e1 de su deber: ayudando a viajeros perdidos a reprogramar vuelos, entregando cargadores olvidados en las habitaciones o incluso organizando cepillos de dientes y pijamas de emergencia para retrasos nocturnos. Estos momentos, peque\u00f1os pero inolvidables, son la raz\u00f3n por la que tantos regresan, no solo como hu\u00e9spedes, sino como promotores.<\/p><div class=\"my-2\">\u00a0<\/div><p>Ya sea que tome un vuelo a las 5 de la ma\u00f1ana, haga una escala de 12 horas o nos use como base para explorar el horizonte de Shangh\u00e1i, nuestras rese\u00f1as no solo hablan de comodidad, sino tambi\u00e9n de confianza. Personas reales. Estancias reales. Resultados reales.<\/p><div class=\"my-2\">\u00a0<\/div><p data-spm-anchor-id=\"a2ty_o01.29997173.0.i42.499dc921lowxQI\"><strong>No te f\u00edes solo de nuestras palabras. Lee las historias. Mira las fotos. Siente la diferencia.<\/strong><br \/>El Hotel Da Zhong Airport no solo es conveniente, sino que tambi\u00e9n es muy apreciado. Tu pr\u00f3xima escapada de descanso en Shangh\u00e1i comienza aqu\u00ed.<\/p><\/div>\t\t\t\t\t\t\t\t<\/div>\n\t\t\t\t\t<\/div>\n\t\t\t\t<\/div>\n\t\t\t\t<section class=\"elementor-section elementor-top-section elementor-element elementor-element-6ba6b98a elementor-section-stretched elementor-section-boxed elementor-section-gap-beside-yes elementor-section-height-default elementor-section-height-default elementor-section-column-vertical-align-stretch\" data-id=\"6ba6b98a\" data-element_type=\"section\" data-e-type=\"section\" data-settings=\"{&quot;background_background&quot;:&quot;classic&quot;,&quot;stretch_section&quot;:&quot;section-stretched&quot;}\">\n\t\t\t\t\t\t<div class=\"elementor-container elementor-column-gap-extended\">\n\t\t\t\t\t<div class=\"elementor-column elementor-col-100 elementor-top-column elementor-element elementor-element-757334af\" data-id=\"757334af\" data-element_type=\"column\" data-e-type=\"column\">\n\t\t\t<div class=\"elementor-widget-wrap elementor-element-populated\">\n\t\t\t\t\t\t<div class=\"elementor-element elementor-element-f681d85 elementor-widget elementor-widget-nuss-heading\" data-id=\"f681d85\" data-element_type=\"widget\" data-e-type=\"widget\" data-widget_type=\"nuss-heading.default\">\n\t\t\t\t<div class=\"elementor-widget-container\">\n\t\t\t\t\t\t\t<div class=\"nuss-modern-heading\">\r\n\t\t\t\r\n\t\t\t\t\t\t<div class=\"heading-primary-wrap\">\r\n\t\t\t\t<h2 class=\"heading-primary elementor-heading-title\">Consultar disponibilidad <\/h2>\t\t\t<\/div>\r\n\t\t\r\n\t\t\t\r\n\t\t\t\t\t<\/div>\r\n\t\t\t\t\t<\/div>\n\t\t\t\t<\/div>\n\t\t\t\t<div class=\"elementor-element elementor-element-24b88f46 elementor-widget elementor-widget-text-editor\" data-id=\"24b88f46\" data-element_type=\"widget\" data-e-type=\"widget\" data-widget_type=\"text-editor.default\">\n\t\t\t\t\t\t\t\t\t<iframe border=\"0\" src=\"https:\/\/www.trip.com\/partners\/ad\/S5439814?Allianceid=4590391&#038;SID=260538839&#038;trip_sub1=\" style=\"width:900px;height:200px\" frameborder=\"0\" scrolling=\"no\" id=\"S5439814\"><\/iframe>\t\t\t\t\t\t\t\t<\/div>\n\t\t\t\t\t<\/div>\n\t\t<\/div>\n\t\t\t\t\t<\/div>\n\t\t<\/section>\n\t\t\t\t<\/div>","protected":false},"excerpt":{"rendered":"<p>Customer Experiences &amp; Authentic Reviews At Hotel Da Zhong Airport, guest experiences aren\u2019t just measured in stars\u2014they\u2019re written in real stories of relief, gratitude, and surprise. Nestled just minutes from Shanghai Pudong International Airport (PVG), our hotel has earned a loyal following among weary travelers, business commuters, and international transit passengers alike\u2014evidenced by thousands of [&hellip;]<\/p>\n","protected":false},"author":1,"featured_media":0,"parent":0,"menu_order":0,"comment_status":"closed","ping_status":"closed","template":"","meta":{"footnotes":""},"class_list":["post-2106","page","type-page","status-publish","hentry","post-no-thumbnail"],"_links":{"self":[{"href":"https:\/\/shanghaidazhongairporthotel.com\/es\/wp-json\/wp\/v2\/pages\/2106","targetHints":{"allow":["GET"]}}],"collection":[{"href":"https:\/\/shanghaidazhongairporthotel.com\/es\/wp-json\/wp\/v2\/pages"}],"about":[{"href":"https:\/\/shanghaidazhongairporthotel.com\/es\/wp-json\/wp\/v2\/types\/page"}],"author":[{"embeddable":true,"href":"https:\/\/shanghaidazhongairporthotel.com\/es\/wp-json\/wp\/v2\/users\/1"}],"replies":[{"embeddable":true,"href":"https:\/\/shanghaidazhongairporthotel.com\/es\/wp-json\/wp\/v2\/comments?post=2106"}],"version-history":[{"count":0,"href":"https:\/\/shanghaidazhongairporthotel.com\/es\/wp-json\/wp\/v2\/pages\/2106\/revisions"}],"wp:attachment":[{"href":"https:\/\/shanghaidazhongairporthotel.com\/es\/wp-json\/wp\/v2\/media?parent=2106"}],"curies":[{"name":"wp","href":"https:\/\/api.w.org\/{rel}","templated":true}]}}