{"id":612,"date":"2021-03-26T10:04:13","date_gmt":"2021-03-26T10:04:13","guid":{"rendered":"http:\/\/localhost\/nuss\/?page_id=612"},"modified":"2025-09-18T13:48:31","modified_gmt":"2025-09-18T13:48:31","slug":"restaurant","status":"publish","type":"page","link":"https:\/\/shanghaidazhongairporthotel.com\/de\/restaurant\/","title":{"rendered":"Restaurant"},"content":{"rendered":"<div data-elementor-type=\"wp-page\" data-elementor-id=\"612\" class=\"elementor elementor-612\">\n\t\t\t\t\t\t<section class=\"elementor-section elementor-top-section elementor-element elementor-element-e2effe8 elementor-section-boxed elementor-section-gap-beside-yes elementor-section-height-default elementor-section-height-default elementor-section-column-vertical-align-stretch\" data-id=\"e2effe8\" data-element_type=\"section\" data-e-type=\"section\">\n\t\t\t\t\t\t<div class=\"elementor-container elementor-column-gap-extended\">\n\t\t\t\t\t<div class=\"elementor-column elementor-col-100 elementor-top-column elementor-element elementor-element-e18f688\" data-id=\"e18f688\" data-element_type=\"column\" data-e-type=\"column\">\n\t\t\t<div class=\"elementor-widget-wrap elementor-element-populated\">\n\t\t\t\t\t\t<div class=\"elementor-element elementor-element-6db146d elementor-widget__width-initial elementor-invisible elementor-widget elementor-widget-text-editor\" data-id=\"6db146d\" data-element_type=\"widget\" data-e-type=\"widget\" data-settings=\"{&quot;_animation&quot;:&quot;nussFadeInUp&quot;}\" data-widget_type=\"text-editor.default\">\n\t\t\t\t\t\t\t\t\t<p data-spm-anchor-id=\"a2ty_o01.29997173.0.i60.499dc921lowxQI\">Eingebettet in die ruhige, effiziente Umgebung des Hotels Da Zhong Airport in der Yingbin Avenue Nr. 6001 im Pudong New Area definiert unser hoteleigenes Restaurant das Essen am Flughafen neu \u2013 weit entfernt von den Klischees aufgew\u00e4rmter Mahlzeiten und gew\u00f6hnlicher Buffets bieten wir ein kulinarisches Refugium f\u00fcr den anspruchsvollen Reisenden, der nicht bereit ist, Geschmack f\u00fcr Geschwindigkeit zu opfern.<\/p>\t\t\t\t\t\t\t\t<\/div>\n\t\t\t\t\t<\/div>\n\t\t<\/div>\n\t\t\t\t\t<\/div>\n\t\t<\/section>\n\t\t<div class=\"elementor-element elementor-element-764955e e-flex e-con-boxed e-con e-parent\" data-id=\"764955e\" data-element_type=\"container\" data-e-type=\"container\">\n\t\t\t\t\t<div class=\"e-con-inner\">\n\t\t<div class=\"elementor-element elementor-element-3a71d84 e-con-full e-flex e-con e-child\" data-id=\"3a71d84\" data-element_type=\"container\" data-e-type=\"container\">\n\t\t\t\t<div class=\"elementor-element elementor-element-81a00fb elementor-widget elementor-widget-text-editor\" data-id=\"81a00fb\" data-element_type=\"widget\" data-e-type=\"widget\" data-widget_type=\"text-editor.default\">\n\t\t\t\t\t\t\t\t\t<p>Bei <strong>Da Zhong Restaurant<\/strong>Wir glauben, dass Ihr Gaumen auch unterwegs ein authentisches Erlebnis verdient. Unsere Speisekarte ist eine Liebeserkl\u00e4rung an Shanghais reiches gastronomisches Erbe \u2013 sorgf\u00e4ltig zusammengestellt mit Zutaten aus der Region, traditionellen Techniken und moderner Pr\u00e4sentation. Von dampfenden K\u00f6rben mit handgefalteten Xiaolongbao, die vor herzhafter Br\u00fche strotzen, bis hin zu duftenden Sch\u00fcsseln mit stundenlang gek\u00f6chelten s\u00fc\u00dfen Sojanudeln nach Wuxi-Art \u2013 jedes Gericht wird t\u00e4glich frisch von K\u00f6chen zubereitet, die die Seele der Shanghaier K\u00fcche ehren. F\u00fcr internationale G\u00e4ste bieten wir sorgf\u00e4ltig ausgewogene globale Favoriten \u2013 handwerklich hergestelltes Fr\u00fchst\u00fcck mit Eiern aus Freilandhaltung, cremigen Haferbrei mit Honig aus der Region, frisch gebr\u00fchten Arabica-Kaffee und leichte mediterrane Salate \u2013 alles zubereitet, um Sie auf Ihrer Reise zu st\u00e4rken, ohne Sie zu belasten.<\/p>\t\t\t\t\t\t\t\t<\/div>\n\t\t\t\t<\/div>\n\t\t<div class=\"elementor-element elementor-element-bb76a06 e-con-full e-flex e-con e-child\" data-id=\"bb76a06\" data-element_type=\"container\" data-e-type=\"container\">\n\t\t\t\t<div class=\"elementor-element elementor-element-12b50a9 elementor-widget elementor-widget-image\" data-id=\"12b50a9\" data-element_type=\"widget\" data-e-type=\"widget\" data-widget_type=\"image.default\">\n\t\t\t\t\t\t\t\t\t\t\t\t\t\t\t<img fetchpriority=\"high\" decoding=\"async\" width=\"1024\" height=\"686\" src=\"https:\/\/shanghaidazhongairporthotel.com\/wp-content\/uploads\/2025\/09\/Da-Zhong-Airport-Hotel-10-1024x686.webp\" class=\"attachment-large size-large wp-image-6399\" alt=\"\" srcset=\"https:\/\/shanghaidazhongairporthotel.com\/wp-content\/uploads\/2025\/09\/Da-Zhong-Airport-Hotel-10-1024x686.webp 1024w, https:\/\/shanghaidazhongairporthotel.com\/wp-content\/uploads\/2025\/09\/Da-Zhong-Airport-Hotel-10-300x201.webp 300w, https:\/\/shanghaidazhongairporthotel.com\/wp-content\/uploads\/2025\/09\/Da-Zhong-Airport-Hotel-10-768x514.webp 768w, https:\/\/shanghaidazhongairporthotel.com\/wp-content\/uploads\/2025\/09\/Da-Zhong-Airport-Hotel-10-18x12.webp 18w, https:\/\/shanghaidazhongairporthotel.com\/wp-content\/uploads\/2025\/09\/Da-Zhong-Airport-Hotel-10.webp 1274w\" sizes=\"(max-width: 1024px) 100vw, 1024px\" \/>\t\t\t\t\t\t\t\t\t\t\t\t\t\t\t<\/div>\n\t\t\t\t<\/div>\n\t\t\t\t\t<\/div>\n\t\t\t\t<\/div>\n\t\t<div class=\"elementor-element elementor-element-d05381b e-flex e-con-boxed e-con e-parent\" data-id=\"d05381b\" data-element_type=\"container\" data-e-type=\"container\">\n\t\t\t\t\t<div class=\"e-con-inner\">\n\t\t\t\t<div class=\"elementor-element elementor-element-53bd849 elementor-widget elementor-widget-text-editor\" data-id=\"53bd849\" data-element_type=\"widget\" data-e-type=\"widget\" data-widget_type=\"text-editor.default\">\n\t\t\t\t\t\t\t\t\t<p data-spm-anchor-id=\"a2ty_o01.29997173.0.i61.499dc921lowxQI\">Unser Restaurant ist vom fr\u00fchen Morgen bis sp\u00e4t in die Nacht ge\u00f6ffnet und passt sich dem Rhythmus der Flugreisen an: Ob Sie vor dem Abflug um 5 Uhr morgens einen schnellen Happen essen, nach einer Nachtlandung um Mitternacht auftanken oder w\u00e4hrend eines langen Zwischenstopps eine ruhige Pause einlegen m\u00f6chten \u2013 wir sind f\u00fcr Sie da \u2013 niemals gehetzt, niemals steril. Speisen Sie in unserem sanft beleuchteten, minimalistischen Raum mit raumhohen Fenstern, die einen ruhigen Blick auf die Landebahnlichter oder das ferne Leuchten der Skyline von Pudong bieten, oder bestellen Sie Ihr Essen zum Mitnehmen und genie\u00dfen Sie es bequem auf Ihrem Zimmer.<\/p><div class=\"my-2\">\u00a0<\/div><p data-spm-anchor-id=\"a2ty_o01.29997173.0.i63.499dc921lowxQI\">Was uns wirklich auszeichnet? Essen ist bei uns keine Nebensache. Unsere K\u00fcche funktioniert wie ein Bistro in der Nachbarschaft \u2013 kein Imbissstand. Keine Fertiggerichte. Keine Mikrowellen-Abk\u00fcrzungen. Nur echte Zutaten, mit Sorgfalt zubereitet und herzlich serviert. Sogar unsere Teeauswahl umfasst erstklassige lose Teebl\u00e4tter aus den nahegelegenen Zhejiang-Bergen, perfekt aufgebr\u00fcht.<\/p><div class=\"my-2\">\u00a0<\/div><p>F\u00fcr Gesch\u00e4ftsreisende, die ein diskretes Treffen bei einer Tasse Kaffee w\u00fcnschen, Paare, die zwischen zwei Fl\u00fcgen eine romantische Auszeit suchen, oder Familien, die zum ersten Mal Shanghai kennenlernen m\u00f6chten \u2013 unser Restaurant ist mehr als nur ein Ort zum Essen. Es wird zu einem unvergesslichen Zwischenstopp auf Ihrer Reise.<\/p><div class=\"my-2\">\u00a0<\/div><p>Nur wenige Minuten vom internationalen Flughafen Shanghai Pudong (PVG) entfernt und bequem mit unserem kostenlosen Shuttle erreichbar, ist das Da Zhong Restaurant nicht nur ein Hotelrestaurant \u2013 es ist ein Reiseziel f\u00fcr sich. Ob Sie zum ersten Mal nach Shanghai fliegen oder zum zehnten Mal wiederkommen, wir verw\u00f6hnen Sie mit den unverf\u00e4lschten Aromen der Stadt, serviert mit der Ruhe und Sorgfalt, die Sie verdienen.<\/p><div class=\"my-2\">\u00a0<\/div><p><strong>Denn auch wenn Sie unterwegs sind, soll sich Ihre Mahlzeit wie zu Hause anf\u00fchlen.<\/strong><\/p><div class=\"my-2\">\u00a0<\/div><p><em>T\u00e4glich ge\u00f6ffnet | Fr\u00fchst\u00fcck: 6:30 \u2013 10:00 Uhr | Mittag- und Abendessen: 11:30 \u2013 22:00 Uhr | Essen zum Mitnehmen rund um die Uhr verf\u00fcgbar<\/em><\/p>\t\t\t\t\t\t\t\t<\/div>\n\t\t\t\t\t<\/div>\n\t\t\t\t<\/div>\n\t\t\t\t<section class=\"elementor-section elementor-top-section elementor-element elementor-element-2cb6ae8d elementor-section-stretched elementor-section-boxed elementor-section-gap-beside-yes elementor-section-height-default elementor-section-height-default elementor-section-column-vertical-align-stretch\" data-id=\"2cb6ae8d\" data-element_type=\"section\" data-e-type=\"section\" data-settings=\"{&quot;background_background&quot;:&quot;classic&quot;,&quot;stretch_section&quot;:&quot;section-stretched&quot;}\">\n\t\t\t\t\t\t<div class=\"elementor-container elementor-column-gap-extended\">\n\t\t\t\t\t<div class=\"elementor-column elementor-col-100 elementor-top-column elementor-element elementor-element-3cc1e7d2\" data-id=\"3cc1e7d2\" data-element_type=\"column\" data-e-type=\"column\">\n\t\t\t<div class=\"elementor-widget-wrap elementor-element-populated\">\n\t\t\t\t\t\t<div class=\"elementor-element elementor-element-4629bc3a elementor-widget elementor-widget-nuss-heading\" data-id=\"4629bc3a\" data-element_type=\"widget\" data-e-type=\"widget\" data-widget_type=\"nuss-heading.default\">\n\t\t\t\t<div class=\"elementor-widget-container\">\n\t\t\t\t\t\t\t<div class=\"nuss-modern-heading\">\r\n\t\t\t\r\n\t\t\t\t\t\t<div class=\"heading-primary-wrap\">\r\n\t\t\t\t<h2 class=\"heading-primary elementor-heading-title\">Verf\u00fcgbarkeit pr\u00fcfen <\/h2>\t\t\t<\/div>\r\n\t\t\r\n\t\t\t\r\n\t\t\t\t\t<\/div>\r\n\t\t\t\t\t<\/div>\n\t\t\t\t<\/div>\n\t\t\t\t<div class=\"elementor-element elementor-element-6be81cf3 elementor-widget elementor-widget-text-editor\" data-id=\"6be81cf3\" data-element_type=\"widget\" data-e-type=\"widget\" data-widget_type=\"text-editor.default\">\n\t\t\t\t\t\t\t\t\t<iframe border=\"0\" src=\"https:\/\/www.trip.com\/partners\/ad\/S5439814?Allianceid=4590391&#038;SID=260538839&#038;trip_sub1=\" style=\"width:900px;height:200px\" frameborder=\"0\" scrolling=\"no\" id=\"S5439814\"><\/iframe>\t\t\t\t\t\t\t\t<\/div>\n\t\t\t\t\t<\/div>\n\t\t<\/div>\n\t\t\t\t\t<\/div>\n\t\t<\/section>\n\t\t\t\t<\/div>","protected":false},"excerpt":{"rendered":"<p>Nestled within the quiet efficiency of Hotel Da Zhong Airport at No. 6001 Yingbin Avenue, Pudong New Area, our on-site restaurant redefines what airport dining can be \u2014 far from the clich\u00e9s of reheated meals and generic buffets, we offer a culinary sanctuary designed for the discerning traveler who refuses to compromise flavor for speed. [&hellip;]<\/p>\n","protected":false},"author":1,"featured_media":0,"parent":0,"menu_order":0,"comment_status":"closed","ping_status":"closed","template":"","meta":{"footnotes":""},"class_list":["post-612","page","type-page","status-publish","hentry","post-no-thumbnail"],"_links":{"self":[{"href":"https:\/\/shanghaidazhongairporthotel.com\/de\/wp-json\/wp\/v2\/pages\/612","targetHints":{"allow":["GET"]}}],"collection":[{"href":"https:\/\/shanghaidazhongairporthotel.com\/de\/wp-json\/wp\/v2\/pages"}],"about":[{"href":"https:\/\/shanghaidazhongairporthotel.com\/de\/wp-json\/wp\/v2\/types\/page"}],"author":[{"embeddable":true,"href":"https:\/\/shanghaidazhongairporthotel.com\/de\/wp-json\/wp\/v2\/users\/1"}],"replies":[{"embeddable":true,"href":"https:\/\/shanghaidazhongairporthotel.com\/de\/wp-json\/wp\/v2\/comments?post=612"}],"version-history":[{"count":0,"href":"https:\/\/shanghaidazhongairporthotel.com\/de\/wp-json\/wp\/v2\/pages\/612\/revisions"}],"wp:attachment":[{"href":"https:\/\/shanghaidazhongairporthotel.com\/de\/wp-json\/wp\/v2\/media?parent=612"}],"curies":[{"name":"wp","href":"https:\/\/api.w.org\/{rel}","templated":true}]}}