{"id":5266,"date":"2021-07-18T08:03:35","date_gmt":"2021-07-18T08:03:35","guid":{"rendered":"https:\/\/nuss.uxper.co\/luxury-resort\/?page_id=5266"},"modified":"2025-09-18T09:39:52","modified_gmt":"2025-09-18T09:39:52","slug":"uber-uns","status":"publish","type":"page","link":"https:\/\/shanghaidazhongairporthotel.com\/de\/uber-uns\/","title":{"rendered":"\u00dcber uns"},"content":{"rendered":"<div data-elementor-type=\"wp-page\" data-elementor-id=\"5266\" class=\"elementor elementor-5266\">\n\t\t\t\t\t\t<section class=\"elementor-section elementor-top-section elementor-element elementor-element-10416953 elementor-section-boxed elementor-section-gap-beside-yes elementor-section-height-default elementor-section-height-default elementor-section-column-vertical-align-stretch\" data-id=\"10416953\" data-element_type=\"section\" data-e-type=\"section\">\n\t\t\t\t\t\t<div class=\"elementor-container elementor-column-gap-extended\">\n\t\t\t\t\t<div class=\"elementor-column elementor-col-100 elementor-top-column elementor-element elementor-element-29c6aa8\" data-id=\"29c6aa8\" data-element_type=\"column\" data-e-type=\"column\">\n\t\t\t<div class=\"elementor-widget-wrap elementor-element-populated\">\n\t\t\t\t\t\t<div class=\"elementor-element elementor-element-7be18fe7 elementor-widget__width-initial elementor-invisible elementor-widget elementor-widget-text-editor\" data-id=\"7be18fe7\" data-element_type=\"widget\" data-e-type=\"widget\" data-settings=\"{&quot;_animation&quot;:&quot;nussFadeInUp&quot;}\" data-widget_type=\"text-editor.default\">\n\t\t\t\t\t\t\t\t\t<p>Entdecken Sie die perfekte Kombination aus Bequemlichkeit, Komfort und zeitgen\u00f6ssischer Eleganz bei <strong>Hotel Da Zhong Airport<\/strong><\/p>\t\t\t\t\t\t\t\t<\/div>\n\t\t\t\t\t<\/div>\n\t\t<\/div>\n\t\t\t\t\t<\/div>\n\t\t<\/section>\n\t\t\t\t<section class=\"elementor-section elementor-top-section elementor-element elementor-element-7d18327f elementor-section-boxed elementor-section-gap-beside-yes elementor-section-height-default elementor-section-height-default elementor-section-column-vertical-align-stretch\" data-id=\"7d18327f\" data-element_type=\"section\" data-e-type=\"section\">\n\t\t\t\t\t\t<div class=\"elementor-container elementor-column-gap-extended\">\n\t\t\t\t\t<div class=\"elementor-column elementor-col-50 elementor-top-column elementor-element elementor-element-56533670\" data-id=\"56533670\" data-element_type=\"column\" data-e-type=\"column\">\n\t\t\t<div class=\"elementor-widget-wrap elementor-element-populated\">\n\t\t\t\t\t\t<div class=\"elementor-element elementor-element-19c3f543 elementor-invisible elementor-widget elementor-widget-text-editor\" data-id=\"19c3f543\" data-element_type=\"widget\" data-e-type=\"widget\" data-settings=\"{&quot;_animation&quot;:&quot;nussFadeInUp&quot;}\" data-widget_type=\"text-editor.default\">\n\t\t\t\t\t\t\t\t\t<p>Nur 3 Autominuten vom internationalen Flughafen Shanghai Pudong (PVG) entfernt. Dieses elegante, preisgekr\u00f6nte Flughafenhotel wurde f\u00fcr den modernen Reisenden konzipiert und ist Ihr idealer R\u00fcckzugsort vor dem Abflug, zwischen Fl\u00fcgen oder als strategischer Ausgangspunkt f\u00fcr Gesch\u00e4fts- und Urlaubserkundungen in einer der pulsierendsten Metropolen Asiens.<\/p>\t\t\t\t\t\t\t\t<\/div>\n\t\t\t\t\t<\/div>\n\t\t<\/div>\n\t\t\t\t<div class=\"elementor-column elementor-col-50 elementor-top-column elementor-element elementor-element-30f14127\" data-id=\"30f14127\" data-element_type=\"column\" data-e-type=\"column\">\n\t\t\t<div class=\"elementor-widget-wrap elementor-element-populated\">\n\t\t\t\t\t\t<div class=\"elementor-element elementor-element-59aea08 elementor-widget elementor-widget-image\" data-id=\"59aea08\" data-element_type=\"widget\" data-e-type=\"widget\" data-widget_type=\"image.default\">\n\t\t\t\t\t\t\t\t\t\t\t\t\t\t\t<img fetchpriority=\"high\" decoding=\"async\" width=\"800\" height=\"449\" src=\"https:\/\/shanghaidazhongairporthotel.com\/wp-content\/uploads\/2025\/09\/Da-Zhong-Airport-Hotel-54.webp\" class=\"attachment-large size-large wp-image-6443\" alt=\"\" srcset=\"https:\/\/shanghaidazhongairporthotel.com\/wp-content\/uploads\/2025\/09\/Da-Zhong-Airport-Hotel-54.webp 800w, https:\/\/shanghaidazhongairporthotel.com\/wp-content\/uploads\/2025\/09\/Da-Zhong-Airport-Hotel-54-300x168.webp 300w, https:\/\/shanghaidazhongairporthotel.com\/wp-content\/uploads\/2025\/09\/Da-Zhong-Airport-Hotel-54-768x431.webp 768w, https:\/\/shanghaidazhongairporthotel.com\/wp-content\/uploads\/2025\/09\/Da-Zhong-Airport-Hotel-54-18x10.webp 18w\" sizes=\"(max-width: 800px) 100vw, 800px\" \/>\t\t\t\t\t\t\t\t\t\t\t\t\t\t\t<\/div>\n\t\t\t\t\t<\/div>\n\t\t<\/div>\n\t\t\t\t\t<\/div>\n\t\t<\/section>\n\t\t\t\t<section class=\"elementor-section elementor-top-section elementor-element elementor-element-29fb8578 elementor-section-height-min-height elementor-section-stretched elementor-section-full_width elementor-section-items-stretch elementor-section-height-default elementor-section-column-vertical-align-stretch\" data-id=\"29fb8578\" data-element_type=\"section\" data-e-type=\"section\" data-settings=\"{&quot;stretch_section&quot;:&quot;section-stretched&quot;}\">\n\t\t\t\t\t\t<div class=\"elementor-container elementor-column-gap-no\">\n\t\t\t\t\t<div class=\"elementor-column elementor-col-50 elementor-top-column elementor-element elementor-element-40ac270b\" data-id=\"40ac270b\" data-element_type=\"column\" data-e-type=\"column\">\n\t\t\t<div class=\"elementor-widget-wrap elementor-element-populated\">\n\t\t\t\t\t\t<div class=\"elementor-element elementor-element-20872773 elementor-widget__width-initial elementor-widget-mobile__width-inherit elementor-invisible nuss-elementor-loading nuss-slide-in-right elementor-widget elementor-widget-image\" data-id=\"20872773\" data-element_type=\"widget\" data-e-type=\"widget\" data-settings=\"{&quot;_animation&quot;:&quot;nussSlideInRight&quot;}\" data-widget_type=\"image.default\">\n\t\t\t\t\t\t\t\t\t\t\t\t\t\t\t<img decoding=\"async\" width=\"1280\" height=\"850\" src=\"https:\/\/shanghaidazhongairporthotel.com\/wp-content\/uploads\/2025\/09\/Da-Zhong-Airport-Hotel-17.webp\" class=\"attachment-full size-full wp-image-6406\" alt=\"\" srcset=\"https:\/\/shanghaidazhongairporthotel.com\/wp-content\/uploads\/2025\/09\/Da-Zhong-Airport-Hotel-17.webp 1280w, https:\/\/shanghaidazhongairporthotel.com\/wp-content\/uploads\/2025\/09\/Da-Zhong-Airport-Hotel-17-300x199.webp 300w, https:\/\/shanghaidazhongairporthotel.com\/wp-content\/uploads\/2025\/09\/Da-Zhong-Airport-Hotel-17-1024x680.webp 1024w, https:\/\/shanghaidazhongairporthotel.com\/wp-content\/uploads\/2025\/09\/Da-Zhong-Airport-Hotel-17-768x510.webp 768w, https:\/\/shanghaidazhongairporthotel.com\/wp-content\/uploads\/2025\/09\/Da-Zhong-Airport-Hotel-17-18x12.webp 18w\" sizes=\"(max-width: 1280px) 100vw, 1280px\" \/>\t\t\t\t\t\t\t\t\t\t\t\t\t\t\t<\/div>\n\t\t\t\t\t<\/div>\n\t\t<\/div>\n\t\t\t\t<div class=\"elementor-column elementor-col-50 elementor-top-column elementor-element elementor-element-2dac103\" data-id=\"2dac103\" data-element_type=\"column\" data-e-type=\"column\">\n\t\t\t<div class=\"elementor-widget-wrap elementor-element-populated\">\n\t\t\t\t\t\t<div class=\"elementor-element elementor-element-6f1b8966 elementor-invisible elementor-widget elementor-widget-text-editor\" data-id=\"6f1b8966\" data-element_type=\"widget\" data-e-type=\"widget\" data-settings=\"{&quot;_animation&quot;:&quot;nussFadeInUp&quot;}\" data-widget_type=\"text-editor.default\">\n\t\t\t\t\t\t\t\t\t<p data-spm-anchor-id=\"a2ty_o01.29997173.0.i25.499dc921lowxQI\">Ob Sie ein Transatlantikpassagier mit Jetlag sind, ein leitender Angestellter, der an Meetings im Shanghai World Financial Center teilnimmt, oder ein Tourist, der den Bund, den Oriental Pearl Tower oder die schillernde Skyline von Lujiazui erkunden m\u00f6chte \u2013 das Hotel Da Zhong Airport bietet Ihnen un\u00fcbertroffene Erreichbarkeit, ohne auf Ruhe verzichten zu m\u00fcssen. Unsere sorgf\u00e4ltig gestalteten G\u00e4stezimmer verf\u00fcgen \u00fcber erstklassige Schalld\u00e4mmung, ergonomische Arbeitsbereiche mit USB-Ladeanschl\u00fcssen, hochwertige hypoallergene Bettw\u00e4sche und einen Panoramablick auf die gesch\u00e4ftigen Lichter der Stadt oder den ruhigen Rhythmus der Start- und Landebahnen \u2013 f\u00fcr Ruhe inmitten des urbanen Pulsierens.<\/p><div class=\"my-2\">\u00a0<\/div><p>Neben dem Zimmerservice versch\u00f6nern unsere 24\/7-Services Ihren Aufenthalt: Kostenlose Flughafen-Shuttles alle 15\u201320 Minuten, Express-Check-in\/-Check-out, sichere Gep\u00e4ckaufbewahrung, rund um die Uhr besetzte Rezeption und Highspeed-Glasfaser-WLAN sorgen f\u00fcr einen reibungslosen Ablauf Ihrer Reise. Genie\u00dfen Sie frisch zubereitete, lokal inspirierte Gerichte in unserem hauseigenen Restaurant \u2013 authentische Shanghai-Teigtaschen, duftende Wan-Tan-Suppen und handwerklich hergestellter Kaffee \u2013 perfekt f\u00fcr Reisende mit wenig Zeit, die beim Geschmack keine Kompromisse eingehen m\u00f6chten.<\/p>\t\t\t\t\t\t\t\t<\/div>\n\t\t\t\t\t<\/div>\n\t\t<\/div>\n\t\t\t\t\t<\/div>\n\t\t<\/section>\n\t\t\t\t<section class=\"elementor-section elementor-top-section elementor-element elementor-element-1a49739 elementor-section-height-min-height elementor-section-stretched elementor-section-full_width elementor-section-items-stretch elementor-section-height-default elementor-section-column-vertical-align-stretch\" data-id=\"1a49739\" data-element_type=\"section\" data-e-type=\"section\" data-settings=\"{&quot;stretch_section&quot;:&quot;section-stretched&quot;}\">\n\t\t\t\t\t\t<div class=\"elementor-container elementor-column-gap-no\">\n\t\t\t\t\t<div class=\"elementor-column elementor-col-50 elementor-top-column elementor-element elementor-element-4c80888\" data-id=\"4c80888\" data-element_type=\"column\" data-e-type=\"column\">\n\t\t\t<div class=\"elementor-widget-wrap elementor-element-populated\">\n\t\t\t\t\t\t<div class=\"elementor-element elementor-element-abf3bc0 elementor-invisible elementor-widget elementor-widget-text-editor\" data-id=\"abf3bc0\" data-element_type=\"widget\" data-e-type=\"widget\" data-settings=\"{&quot;_animation&quot;:&quot;nussFadeInUp&quot;}\" data-widget_type=\"text-editor.default\">\n\t\t\t\t\t\t\t\t\t<p data-spm-anchor-id=\"a2ty_o01.29997173.0.i28.499dc921lowxQI\">Das Hotel Da Zhong Airport liegt strategisch g\u00fcnstig an der gesch\u00e4ftigen Yingbin Avenue und ist bequem mit der U-Bahn-Linie 2 (Station Longyang Road) verbunden. Von hier aus erreichen Sie Disneyland Shanghai, das Shanghai Science and Technology Museum und bedeutende Kongresszentren wie das National Exhibition and Convention Center. Mit klarer Architektur, umweltbewusstem Design und einem unersch\u00fctterlichen Engagement f\u00fcr Gastfreundschaft bieten wir Reisenden nicht nur Komfort, sondern antizipieren ihre Bed\u00fcrfnisse.<\/p><div class=\"my-2\">\u00a0<\/div><p data-spm-anchor-id=\"a2ty_o01.29997173.0.i27.499dc921lowxQI\">F\u00fcr alle, die eine zuverl\u00e4ssige, erholsame und au\u00dfergew\u00f6hnlich g\u00fcnstig gelegene Unterkunft in der N\u00e4he von PVG suchen, ist das Hotel Da Zhong Airport nicht nur ein Ort zum Schlafen \u2013 es ist die cleverste Art, Ihr Shanghai-Abenteuer zu beginnen, zu unterbrechen oder zu beenden. Buchen Sie noch heute direkt und erleben Sie Reisen neu gedacht: effizient, elegant und ganz nach Ihren W\u00fcnschen.<\/p><div class=\"my-2\">\u00a0<\/div><p><em>Ihr Flug mag landen \u2013 aber Ihr Komfort beginnt hier.<\/em><\/p>\t\t\t\t\t\t\t\t<\/div>\n\t\t\t\t\t<\/div>\n\t\t<\/div>\n\t\t\t\t<div class=\"elementor-column elementor-col-50 elementor-top-column elementor-element elementor-element-6807607\" data-id=\"6807607\" data-element_type=\"column\" data-e-type=\"column\">\n\t\t\t<div class=\"elementor-widget-wrap elementor-element-populated\">\n\t\t\t\t\t\t<div class=\"elementor-element elementor-element-ef768fa elementor-widget__width-initial elementor-widget-mobile__width-inherit elementor-invisible nuss-elementor-loading nuss-slide-in-right elementor-widget elementor-widget-image\" data-id=\"ef768fa\" data-element_type=\"widget\" data-e-type=\"widget\" data-settings=\"{&quot;_animation&quot;:&quot;nussSlideInRight&quot;}\" data-widget_type=\"image.default\">\n\t\t\t\t\t\t\t\t\t\t\t\t\t\t\t<img decoding=\"async\" width=\"550\" height=\"414\" src=\"https:\/\/shanghaidazhongairporthotel.com\/wp-content\/uploads\/2025\/09\/Da-Zhong-Airport-Hotel-50.webp\" class=\"attachment-full size-full wp-image-6439\" alt=\"\" srcset=\"https:\/\/shanghaidazhongairporthotel.com\/wp-content\/uploads\/2025\/09\/Da-Zhong-Airport-Hotel-50.webp 550w, https:\/\/shanghaidazhongairporthotel.com\/wp-content\/uploads\/2025\/09\/Da-Zhong-Airport-Hotel-50-300x226.webp 300w, https:\/\/shanghaidazhongairporthotel.com\/wp-content\/uploads\/2025\/09\/Da-Zhong-Airport-Hotel-50-16x12.webp 16w\" sizes=\"(max-width: 550px) 100vw, 550px\" \/>\t\t\t\t\t\t\t\t\t\t\t\t\t\t\t<\/div>\n\t\t\t\t\t<\/div>\n\t\t<\/div>\n\t\t\t\t\t<\/div>\n\t\t<\/section>\n\t\t\t\t<section class=\"elementor-section elementor-top-section elementor-element elementor-element-2092b7d0 elementor-section-stretched elementor-section-boxed elementor-section-gap-beside-yes elementor-section-height-default elementor-section-height-default elementor-section-column-vertical-align-stretch\" data-id=\"2092b7d0\" data-element_type=\"section\" data-e-type=\"section\" data-settings=\"{&quot;background_background&quot;:&quot;classic&quot;,&quot;stretch_section&quot;:&quot;section-stretched&quot;}\">\n\t\t\t\t\t\t<div class=\"elementor-container elementor-column-gap-extended\">\n\t\t\t\t\t<div class=\"elementor-column elementor-col-100 elementor-top-column elementor-element elementor-element-be69d75\" data-id=\"be69d75\" data-element_type=\"column\" data-e-type=\"column\">\n\t\t\t<div class=\"elementor-widget-wrap elementor-element-populated\">\n\t\t\t\t\t\t<div class=\"elementor-element elementor-element-2b25c19 elementor-widget elementor-widget-nuss-heading\" data-id=\"2b25c19\" data-element_type=\"widget\" data-e-type=\"widget\" data-widget_type=\"nuss-heading.default\">\n\t\t\t\t<div class=\"elementor-widget-container\">\n\t\t\t\t\t\t\t<div class=\"nuss-modern-heading\">\r\n\t\t\t\r\n\t\t\t\t\t\t<div class=\"heading-primary-wrap\">\r\n\t\t\t\t<h2 class=\"heading-primary elementor-heading-title\">Verf\u00fcgbarkeit pr\u00fcfen <\/h2>\t\t\t<\/div>\r\n\t\t\r\n\t\t\t\r\n\t\t\t\t\t<\/div>\r\n\t\t\t\t\t<\/div>\n\t\t\t\t<\/div>\n\t\t\t\t<div class=\"elementor-element elementor-element-5e25746 elementor-widget elementor-widget-text-editor\" data-id=\"5e25746\" data-element_type=\"widget\" data-e-type=\"widget\" data-widget_type=\"text-editor.default\">\n\t\t\t\t\t\t\t\t\t<iframe border=\"0\" src=\"https:\/\/www.trip.com\/partners\/ad\/S5439814?Allianceid=4590391&#038;SID=260538839&#038;trip_sub1=\" style=\"width:900px;height:200px\" frameborder=\"0\" scrolling=\"no\" id=\"S5439814\"><\/iframe>\t\t\t\t\t\t\t\t<\/div>\n\t\t\t\t\t<\/div>\n\t\t<\/div>\n\t\t\t\t\t<\/div>\n\t\t<\/section>\n\t\t\t\t<\/div>","protected":false},"excerpt":{"rendered":"<p>Discover the perfect fusion of convenience, comfort, and contemporary elegance at Hotel Da Zhong Airport Just a mere 3-minute drive from Shanghai Pudong International Airport (PVG). Designed with the modern traveler in mind, this sleek, award-winning airport hotel is your ideal sanctuary before takeoff, between flights, or as a strategic base for business and leisure [&hellip;]<\/p>\n","protected":false},"author":1,"featured_media":0,"parent":0,"menu_order":0,"comment_status":"closed","ping_status":"closed","template":"","meta":{"footnotes":""},"class_list":["post-5266","page","type-page","status-publish","hentry","post-no-thumbnail"],"_links":{"self":[{"href":"https:\/\/shanghaidazhongairporthotel.com\/de\/wp-json\/wp\/v2\/pages\/5266","targetHints":{"allow":["GET"]}}],"collection":[{"href":"https:\/\/shanghaidazhongairporthotel.com\/de\/wp-json\/wp\/v2\/pages"}],"about":[{"href":"https:\/\/shanghaidazhongairporthotel.com\/de\/wp-json\/wp\/v2\/types\/page"}],"author":[{"embeddable":true,"href":"https:\/\/shanghaidazhongairporthotel.com\/de\/wp-json\/wp\/v2\/users\/1"}],"replies":[{"embeddable":true,"href":"https:\/\/shanghaidazhongairporthotel.com\/de\/wp-json\/wp\/v2\/comments?post=5266"}],"version-history":[{"count":0,"href":"https:\/\/shanghaidazhongairporthotel.com\/de\/wp-json\/wp\/v2\/pages\/5266\/revisions"}],"wp:attachment":[{"href":"https:\/\/shanghaidazhongairporthotel.com\/de\/wp-json\/wp\/v2\/media?parent=5266"}],"curies":[{"name":"wp","href":"https:\/\/api.w.org\/{rel}","templated":true}]}}