{"id":2106,"date":"2021-03-25T04:08:26","date_gmt":"2021-03-25T04:08:26","guid":{"rendered":"http:\/\/localhost\/nuss\/?page_id=298"},"modified":"2025-09-18T09:56:09","modified_gmt":"2025-09-18T09:56:09","slug":"erlebnisse","status":"publish","type":"page","link":"https:\/\/shanghaidazhongairporthotel.com\/de\/erlebnisse\/","title":{"rendered":"Kundenerfahrungen und Bewertungen"},"content":{"rendered":"<div data-elementor-type=\"wp-page\" data-elementor-id=\"2106\" class=\"elementor elementor-2106\">\n\t\t\t\t\t\t<section class=\"elementor-section elementor-top-section elementor-element elementor-element-1954ffc elementor-section-boxed elementor-section-gap-beside-yes elementor-section-height-default elementor-section-height-default elementor-section-column-vertical-align-stretch\" data-id=\"1954ffc\" data-element_type=\"section\" data-e-type=\"section\">\n\t\t\t\t\t\t<div class=\"elementor-container elementor-column-gap-extended\">\n\t\t\t\t\t<div class=\"elementor-column elementor-col-100 elementor-top-column elementor-element elementor-element-86aebc5\" data-id=\"86aebc5\" data-element_type=\"column\" data-e-type=\"column\">\n\t\t\t<div class=\"elementor-widget-wrap elementor-element-populated\">\n\t\t\t\t\t\t<div class=\"elementor-element elementor-element-11803d1 elementor-widget__width-initial elementor-invisible elementor-widget elementor-widget-text-editor\" data-id=\"11803d1\" data-element_type=\"widget\" data-e-type=\"widget\" data-settings=\"{&quot;_animation&quot;:&quot;nussFadeInUp&quot;}\" data-widget_type=\"text-editor.default\">\n\t\t\t\t\t\t\t\t\t<p><strong data-spm-anchor-id=\"a2ty_o01.29997173.0.i109.3ac7c921O44zAQ\">Kundenerfahrungen &amp; authentische Bewertungen<\/strong><\/p>\t\t\t\t\t\t\t\t<\/div>\n\t\t\t\t\t<\/div>\n\t\t<\/div>\n\t\t\t\t\t<\/div>\n\t\t<\/section>\n\t\t<div class=\"elementor-element elementor-element-3e39171 e-flex e-con-boxed e-con e-parent\" data-id=\"3e39171\" data-element_type=\"container\" data-e-type=\"container\">\n\t\t\t\t\t<div class=\"e-con-inner\">\n\t\t\t\t<div class=\"elementor-element elementor-element-7761d0c elementor-widget elementor-widget-text-editor\" data-id=\"7761d0c\" data-element_type=\"widget\" data-e-type=\"widget\" data-widget_type=\"text-editor.default\">\n\t\t\t\t\t\t\t\t\t<div class=\"svelte-1c06zsf\" data-lang-code=\"\"><p data-spm-anchor-id=\"a2ty_o01.29997173.0.i41.499dc921lowxQI\">Im Hotel Da Zhong Airport werden G\u00e4steerlebnisse nicht nur in Sternen gemessen \u2013 sie werden in echten Geschichten der Erleichterung, Dankbarkeit und \u00dcberraschung festgehalten. Nur wenige Minuten vom internationalen Flughafen Shanghai Pudong (PVG) entfernt, hat sich unser Hotel eine treue Anh\u00e4ngerschaft unter m\u00fcden Reisenden, Gesch\u00e4ftsreisenden und internationalen Transitpassagieren gleicherma\u00dfen erarbeitet \u2013 belegen Tausende authentische Bewertungen auf TripAdvisor und Trip.com, wo wir regelm\u00e4\u00dfig zu den f\u00fcnf besten Flughafenhotels in Shanghai z\u00e4hlen.<\/p><div class=\"my-2\">\u00a0<\/div><p>An <strong>TripAdvisor<\/strong>loben G\u00e4ste immer wieder unseren \u201eunglaublichen Komfort\u201c und die \u201eruhige Flucht vor dem Flughafenchaos\u201c. Ein Reisender aus Deutschland schrieb: <em>\u201eNach einem 14-st\u00fcndigen Flug war ich ersch\u00f6pft \u2013 aber als ich mein Zimmer betrat, f\u00fchlte ich mich wie in einem ruhigen Kokon. Die Schalld\u00e4mmung war wunderbar, das Bett himmlisch und der kostenlose Shuttle kam in weniger als f\u00fcnf Minuten. Dies ist nicht nur ein Flughafenhotel; es ist eine Lebensader.\u201c<\/em> Mit \u00fcber 800 Bewertungen und einer Bewertung von 4,7\/5 \u00fcbertreffen wir mit unserer Sauberkeit, der Reaktionsbereitschaft unseres Personals und unserem Preis-Leistungs-Verh\u00e4ltnis stets die Konkurrenz.<\/p><div class=\"my-2\">\u00a0<\/div><p>Inzwischen, auf <strong>Trip.com<\/strong>Unsere durchschnittliche Bewertung von 9,3\/10 spiegelt die hohen Erwartungen erfahrener Reisender in Asien wider. Ein Vielflieger aus Singapur bemerkte: <em>\u201eIch habe in den letzten drei Jahren in sechs verschiedenen Hotels in der N\u00e4he von PVG \u00fcbernachtet. Da Zhong ist das einzige mit USB-Anschl\u00fcssen \u00fcberall, einem Fr\u00fchst\u00fcck, das tats\u00e4chlich hausgemacht schmeckt, und Rezeptionspersonal, das sich an Ihren Namen erinnert \u2013 selbst wenn Sie nur eine Nacht hier sind.\u201c<\/em> Unser rund um die Uhr verf\u00fcgbarer Flughafenshuttle, der von 96% Rezensenten gelobt wird, wird oft als \u201ezuverl\u00e4ssiger als meine Taxi-App\u201c beschrieben, w\u00e4hrend die kostenlose Gep\u00e4ckaufbewahrung reibungslose Zwischenstopps ohne das l\u00e4stige Schleppen von Taschen durch die Terminals erm\u00f6glicht.<\/p><div class=\"my-2\">\u00a0<\/div><p>Aber was uns wirklich auszeichnet? Es ist die menschliche Note. G\u00e4ste loben, wie unser Team \u00fcber die Pflicht hinausgeht: Wir helfen Reisenden, die sich verirrt haben, bei der Umbuchung von Fl\u00fcgen, bringen vergessene Ladeger\u00e4te aufs Zimmer oder organisieren sogar Notfallzahnb\u00fcrsten und -pyjamas f\u00fcr Versp\u00e4tungen \u00fcber Nacht. Diese kleinen, aber unvergesslichen Momente sind der Grund, warum so viele wiederkommen \u2013 nicht nur als G\u00e4ste, sondern auch als G\u00e4ste, die uns weiterempfehlen.<\/p><div class=\"my-2\">\u00a0<\/div><p>Egal, ob Sie einen Flug um 5 Uhr morgens erwischen, einen 12-st\u00fcndigen Aufenthalt in Kauf nehmen oder uns als Ausgangspunkt nutzen, um die Skyline von Shanghai zu erkunden, unsere Bewertungen sprechen nicht nur f\u00fcr Komfort \u2013 sie sprechen f\u00fcr Vertrauen. Echte Menschen. Echte Aufenthalte. Echte Ergebnisse.<\/p><div class=\"my-2\">\u00a0<\/div><p data-spm-anchor-id=\"a2ty_o01.29997173.0.i42.499dc921lowxQI\"><strong>Verlassen Sie sich nicht auf unser Wort. Lesen Sie die Geschichten. Sehen Sie sich die Fotos an. Sp\u00fcren Sie den Unterschied.<\/strong><br \/>Das Hotel Da Zhong Airport ist nicht nur praktisch, sondern wird auch immer gesch\u00e4tzt. Ihr n\u00e4chster erholsamer Aufenthalt in Shanghai beginnt hier.<\/p><\/div>\t\t\t\t\t\t\t\t<\/div>\n\t\t\t\t\t<\/div>\n\t\t\t\t<\/div>\n\t\t\t\t<section class=\"elementor-section elementor-top-section elementor-element elementor-element-6ba6b98a elementor-section-stretched elementor-section-boxed elementor-section-gap-beside-yes elementor-section-height-default elementor-section-height-default elementor-section-column-vertical-align-stretch\" data-id=\"6ba6b98a\" data-element_type=\"section\" data-e-type=\"section\" data-settings=\"{&quot;background_background&quot;:&quot;classic&quot;,&quot;stretch_section&quot;:&quot;section-stretched&quot;}\">\n\t\t\t\t\t\t<div class=\"elementor-container elementor-column-gap-extended\">\n\t\t\t\t\t<div class=\"elementor-column elementor-col-100 elementor-top-column elementor-element elementor-element-757334af\" data-id=\"757334af\" data-element_type=\"column\" data-e-type=\"column\">\n\t\t\t<div class=\"elementor-widget-wrap elementor-element-populated\">\n\t\t\t\t\t\t<div class=\"elementor-element elementor-element-f681d85 elementor-widget elementor-widget-nuss-heading\" data-id=\"f681d85\" data-element_type=\"widget\" data-e-type=\"widget\" data-widget_type=\"nuss-heading.default\">\n\t\t\t\t<div class=\"elementor-widget-container\">\n\t\t\t\t\t\t\t<div class=\"nuss-modern-heading\">\r\n\t\t\t\r\n\t\t\t\t\t\t<div class=\"heading-primary-wrap\">\r\n\t\t\t\t<h2 class=\"heading-primary elementor-heading-title\">Verf\u00fcgbarkeit pr\u00fcfen <\/h2>\t\t\t<\/div>\r\n\t\t\r\n\t\t\t\r\n\t\t\t\t\t<\/div>\r\n\t\t\t\t\t<\/div>\n\t\t\t\t<\/div>\n\t\t\t\t<div class=\"elementor-element elementor-element-24b88f46 elementor-widget elementor-widget-text-editor\" data-id=\"24b88f46\" data-element_type=\"widget\" data-e-type=\"widget\" data-widget_type=\"text-editor.default\">\n\t\t\t\t\t\t\t\t\t<iframe border=\"0\" src=\"https:\/\/www.trip.com\/partners\/ad\/S5439814?Allianceid=4590391&#038;SID=260538839&#038;trip_sub1=\" style=\"width:900px;height:200px\" frameborder=\"0\" scrolling=\"no\" id=\"S5439814\"><\/iframe>\t\t\t\t\t\t\t\t<\/div>\n\t\t\t\t\t<\/div>\n\t\t<\/div>\n\t\t\t\t\t<\/div>\n\t\t<\/section>\n\t\t\t\t<\/div>","protected":false},"excerpt":{"rendered":"<p>Customer Experiences &amp; Authentic Reviews At Hotel Da Zhong Airport, guest experiences aren\u2019t just measured in stars\u2014they\u2019re written in real stories of relief, gratitude, and surprise. Nestled just minutes from Shanghai Pudong International Airport (PVG), our hotel has earned a loyal following among weary travelers, business commuters, and international transit passengers alike\u2014evidenced by thousands of [&hellip;]<\/p>\n","protected":false},"author":1,"featured_media":0,"parent":0,"menu_order":0,"comment_status":"closed","ping_status":"closed","template":"","meta":{"footnotes":""},"class_list":["post-2106","page","type-page","status-publish","hentry","post-no-thumbnail"],"_links":{"self":[{"href":"https:\/\/shanghaidazhongairporthotel.com\/de\/wp-json\/wp\/v2\/pages\/2106","targetHints":{"allow":["GET"]}}],"collection":[{"href":"https:\/\/shanghaidazhongairporthotel.com\/de\/wp-json\/wp\/v2\/pages"}],"about":[{"href":"https:\/\/shanghaidazhongairporthotel.com\/de\/wp-json\/wp\/v2\/types\/page"}],"author":[{"embeddable":true,"href":"https:\/\/shanghaidazhongairporthotel.com\/de\/wp-json\/wp\/v2\/users\/1"}],"replies":[{"embeddable":true,"href":"https:\/\/shanghaidazhongairporthotel.com\/de\/wp-json\/wp\/v2\/comments?post=2106"}],"version-history":[{"count":0,"href":"https:\/\/shanghaidazhongairporthotel.com\/de\/wp-json\/wp\/v2\/pages\/2106\/revisions"}],"wp:attachment":[{"href":"https:\/\/shanghaidazhongairporthotel.com\/de\/wp-json\/wp\/v2\/media?parent=2106"}],"curies":[{"name":"wp","href":"https:\/\/api.w.org\/{rel}","templated":true}]}}