{"id":2105,"date":"2021-03-24T07:25:45","date_gmt":"2021-03-24T07:25:45","guid":{"rendered":"http:\/\/localhost\/nuss\/?page_id=235"},"modified":"2025-09-18T13:43:05","modified_gmt":"2025-09-18T13:43:05","slug":"faqs","status":"publish","type":"page","link":"https:\/\/shanghaidazhongairporthotel.com\/de\/faqs\/","title":{"rendered":"FAQs"},"content":{"rendered":"<div data-elementor-type=\"wp-page\" data-elementor-id=\"2105\" class=\"elementor elementor-2105\">\n\t\t\t\t\t\t<section class=\"elementor-section elementor-top-section elementor-element elementor-element-2a96a73 elementor-section-boxed elementor-section-gap-beside-yes elementor-section-height-default elementor-section-height-default elementor-section-column-vertical-align-stretch\" data-id=\"2a96a73\" data-element_type=\"section\" data-e-type=\"section\">\n\t\t\t\t\t\t<div class=\"elementor-container elementor-column-gap-extended\">\n\t\t\t\t\t<div class=\"elementor-column elementor-col-100 elementor-top-column elementor-element elementor-element-98ef20c\" data-id=\"98ef20c\" data-element_type=\"column\" data-e-type=\"column\">\n\t\t\t<div class=\"elementor-widget-wrap elementor-element-populated\">\n\t\t\t\t\t\t<div class=\"elementor-element elementor-element-97088c0 elementor-widget__width-initial elementor-invisible elementor-widget elementor-widget-text-editor\" data-id=\"97088c0\" data-element_type=\"widget\" data-e-type=\"widget\" data-settings=\"{&quot;_animation&quot;:&quot;nussFadeInUp&quot;}\" data-widget_type=\"text-editor.default\">\n\t\t\t\t\t\t\t\t\t<p>Nachfolgend finden Sie eine Liste der am h\u00e4ufigsten von unseren G\u00e4sten gestellten Fragen.<\/p>\t\t\t\t\t\t\t\t<\/div>\n\t\t\t\t\t<\/div>\n\t\t<\/div>\n\t\t\t\t\t<\/div>\n\t\t<\/section>\n\t\t\t\t<section class=\"elementor-section elementor-top-section elementor-element elementor-element-b184647 elementor-section-gap-beside-no elementor-section-boxed elementor-section-height-default elementor-section-height-default elementor-section-column-vertical-align-stretch\" data-id=\"b184647\" data-element_type=\"section\" data-e-type=\"section\">\n\t\t\t\t\t\t<div class=\"elementor-container elementor-column-gap-extended\">\n\t\t\t\t\t<div class=\"elementor-column elementor-col-100 elementor-top-column elementor-element elementor-element-1d49749\" data-id=\"1d49749\" data-element_type=\"column\" data-e-type=\"column\">\n\t\t\t<div class=\"elementor-widget-wrap elementor-element-populated\">\n\t\t\t\t\t\t<div class=\"elementor-element elementor-element-b986a9e elementor-invisible elementor-widget elementor-widget-nuss-heading\" data-id=\"b986a9e\" data-element_type=\"widget\" data-e-type=\"widget\" data-settings=\"{&quot;_animation&quot;:&quot;nussFadeInUp&quot;}\" data-widget_type=\"nuss-heading.default\">\n\t\t\t\t<div class=\"elementor-widget-container\">\n\t\t\t\t\t\t\t<div class=\"nuss-modern-heading\">\r\n\t\t\t\r\n\t\t\t\t\t\t<div class=\"heading-primary-wrap\">\r\n\t\t\t\t<h4 class=\"heading-primary elementor-heading-title\">H\u00e4ufig gestellte Fragen<\/h4>\t\t\t<\/div>\r\n\t\t\r\n\t\t\t\t\t\t<div class=\"heading-divider-wrap\">\r\n\t\t\t\t<div class=\"heading-divider\" style=\"left: 0px;top: 6px\"><\/div>\r\n\t\t\t<\/div>\r\n\t\r\n\t\t\t\t\t<\/div>\r\n\t\t\t\t\t<\/div>\n\t\t\t\t<\/div>\n\t\t\t\t<div class=\"elementor-element elementor-element-50f0733 elementor-invisible elementor-widget elementor-widget-heading\" data-id=\"50f0733\" data-element_type=\"widget\" data-e-type=\"widget\" data-settings=\"{&quot;_animation&quot;:&quot;nussFadeInUp&quot;}\" data-widget_type=\"heading.default\">\n\t\t\t\t\t<h2 class=\"elementor-heading-title elementor-size-default\">Fragen &amp; Antworten<\/h2>\t\t\t\t<\/div>\n\t\t\t\t<div class=\"elementor-element elementor-element-2aee4a2 elementor-widget elementor-widget-text-editor\" data-id=\"2aee4a2\" data-element_type=\"widget\" data-e-type=\"widget\" data-widget_type=\"text-editor.default\">\n\t\t\t\t\t\t\t\t\t<h3><strong data-spm-anchor-id=\"a2ty_o01.29997173.0.i46.499dc921lowxQI\">1. Wie weit ist das Hotel Da Zhong Airport vom internationalen Flughafen Shanghai Pudong (PVG) entfernt?<\/strong><\/h3><p>Nur <strong>3 Kilometer (ca. 5 Minuten mit dem Auto)<\/strong> \u2013 eines der n\u00e4chstgelegenen Hotels zu PVG, mit einem kostenlosen Shuttle rund um die Uhr, der alle 15\u201320 Minuten f\u00e4hrt.<\/p><div class=\"my-2\">\u00a0<\/div><h3><strong>2. Gibt es einen kostenlosen Flughafenshuttle?<\/strong><\/h3><p>Ja! Wir bieten eine <strong>kostenloser Flughafenshuttle rund um die Uhr<\/strong> von und zu den Terminals 1 und 2 des Flughafens Pudong. Keine Reservierung erforderlich \u2013 treffen Sie uns einfach am ausgewiesenen Abholpunkt au\u00dferhalb der Ankunftshalle.<\/p><div class=\"my-2\">\u00a0<\/div><h3><strong>3. Wie sind Ihre Check-in- und Check-out-Zeiten?<\/strong><\/h3><p>Einchecken: <strong>14:00 Uhr<\/strong> | Abreise: <strong>12:00 Uhr<\/strong>. Ein sp\u00e4ter Check-out (je nach Verf\u00fcgbarkeit) und eine rund um die Uhr verf\u00fcgbare Gep\u00e4ckaufbewahrung sind ohne Aufpreis verf\u00fcgbar.<\/p><div class=\"my-2\">\u00a0<\/div><h3><strong>4. Kann ich mein Gep\u00e4ck vor dem Check-in oder nach dem Check-out aufbewahren?<\/strong><\/h3><p>Absolut! Wir bieten <strong>kostenlose, sichere Gep\u00e4ckaufbewahrung rund um die Uhr<\/strong> \u2013 perfekt f\u00fcr fr\u00fche Ank\u00fcnfte, sp\u00e4te Abfl\u00fcge oder lange Zwischenstopps.<\/p><div class=\"my-2\">\u00a0<\/div><h3><strong>5. Bieten Sie Fr\u00fchst\u00fcck an? Was ist im Preis inbegriffen?<\/strong><\/h3><p>Ja! Unser Restaurant vor Ort serviert eine <strong>kostenloses kontinentales und asiatisches Fr\u00fchst\u00fcck<\/strong> t\u00e4glich (6:30\u201310:00 Uhr) mit frischen Kn\u00f6deln, Nudeln, Brot, Eiern, Obst, Kaffee und Tee \u2013 ideal f\u00fcr fr\u00fche Fl\u00fcge.<\/p><div class=\"my-2\">\u00a0<\/div><h3><strong>6. Ist WLAN kostenlos und zuverl\u00e4ssig?<\/strong><\/h3><p>Ja - <strong>kostenloses Highspeed-Glasfaser-WLAN<\/strong> ist im gesamten Hotel verf\u00fcgbar, einschlie\u00dflich G\u00e4stezimmern und Gesch\u00e4ftsbereichen, mit f\u00fcr Videoanrufe und Streaming optimierten Geschwindigkeiten.<\/p><div class=\"my-2\">\u00a0<\/div><h3><strong>7. Sind die Zimmer schallisoliert?<\/strong><\/h3><p>Ja! Alle Zimmer verf\u00fcgen \u00fcber <strong>Premium-Schalld\u00e4mmung<\/strong> um einen erholsamen Schlaf zu gew\u00e4hrleisten, selbst bei L\u00e4rm von der Landebahn oder gesch\u00e4ftigem Stadtleben in der N\u00e4he \u2013 ein von den G\u00e4sten am besten bewertetes Merkmal.<\/p><div class=\"my-2\">\u00a0<\/div><h3><strong>8. Verf\u00fcgen die Zimmer \u00fcber USB-Ladeanschl\u00fcsse und Schreibtische?<\/strong><\/h3><p>Jedes Zimmer verf\u00fcgt \u00fcber <strong>USB-A\/USB-C-Anschl\u00fcsse<\/strong>, zwei Steckdosen und ein <strong>ergonomischer Schreibtisch<\/strong> mit Arbeitsbeleuchtung \u2013 perfekt f\u00fcr Gesch\u00e4ftsreisende und Telearbeiter.<\/p><div class=\"my-2\">\u00a0<\/div><h3><strong>9. Ist das Hotel f\u00fcr \u00dcbernachtungen geeignet?<\/strong><\/h3><p>Absolut. Unsere ruhigen Zimmer, der 24\/7-Service, der kostenlose Shuttle und das hauseigene Restaurant machen uns <strong>eines der bestbewerteten Hotels f\u00fcr Zwischenstopps in Shanghai<\/strong> \u2014 ideal f\u00fcr 6\u201318-st\u00fcndige Stopps.<\/p><div class=\"my-2\">\u00a0<\/div><h3><strong>10. Kann ich einen Raum nur f\u00fcr ein paar Stunden buchen?<\/strong><\/h3><p>Ja! Wir bieten <strong>Optionen \u201eTagesnutzung\u201c oder \u201eStundenaufenthalt\u201c<\/strong> (je nach Verf\u00fcgbarkeit) f\u00fcr Reisende, die zwischen den Fl\u00fcgen eine Dusche, ein Nickerchen oder einen ruhigen Raum ben\u00f6tigen.<\/p><div class=\"my-2\">\u00a0<\/div><h3><strong>11. Wie komme ich ins Stadtzentrum (Bund, Lujiazui)?<\/strong><\/h3><p>Nehmen <strong>U-Bahnlinie 2<\/strong> von der Longyang Road Station (5 Minuten mit dem Taxi). Das Hotel ist 10 Autominuten von Lujiazui und 25 Minuten vom Bund entfernt.<\/p><div class=\"my-2\">\u00a0<\/div><h3><strong>12. Gibt es Parkpl\u00e4tze?<\/strong><\/h3><p>Ja - <strong>kostenlose Parkpl\u00e4tze vor Ort<\/strong> steht G\u00e4sten zur Verf\u00fcgung. Die Pl\u00e4tze sind begrenzt. Bitte informieren Sie uns daher im Voraus, wenn Sie mit dem Auto anreisen.<\/p><div class=\"my-2\">\u00a0<\/div><h3><strong>13. Haben Sie Zimmer f\u00fcr Familien oder Gruppen?<\/strong><\/h3><p>Wir bieten <strong>Zweibett-, Doppel- und Familiensuiten<\/strong> mit Zustellbetten oder Zimmern mit Verbindungst\u00fcr. Bitte fragen Sie bei der Buchung nach, um die Verf\u00fcgbarkeit sicherzustellen.<\/p><div class=\"my-2\">\u00a0<\/div><h3><strong>14. Sind Haustiere im Hotel erlaubt?<\/strong><\/h3><p>Leider sind derzeit keine Haustiere erlaubt, mit Ausnahme zertifizierter Servicetiere.<\/p><div class=\"my-2\">\u00a0<\/div><h3><strong>15. Welche Sprachen sprechen die Mitarbeiter?<\/strong><\/h3><p>Unser Rezeptions- und Servicepersonal spricht flie\u00dfend <strong>Mandarin und Englisch<\/strong>, viele sprechen auch Grundkenntnisse in Japanisch, Koreanisch und Russisch.<\/p><div class=\"my-2\">\u00a0<\/div><h3><strong>16. Verf\u00fcgen Sie \u00fcber ein Business Center oder Konferenzr\u00e4ume?<\/strong><\/h3><p>Ja! Unsere <strong>24\/7 Business Center<\/strong> bietet Druck-, Scan- und Hochgeschwindigkeitsarbeitspl\u00e4tze. Wir haben auch <strong>3 private Tagungsr\u00e4ume<\/strong> (6\u201330 Personen) mit AV-Ausr\u00fcstung, stundenweise mietbar.<\/p><div class=\"my-2\">\u00a0<\/div><h3><strong>17. Gibt es ein Restaurant vor Ort? Welche Art von Essen wird dort serviert?<\/strong><\/h3><p>Ja \u2013 unsere <strong>Da Zhong Restaurant<\/strong> serviert frische, lokale Shanghaier K\u00fcche (z. B. Xiaolongbao, Nudeln, Congee) und internationale Fr\u00fchst\u00fccksgerichte mit schnellem Service f\u00fcr zeitbewusste Reisende.<\/p><div class=\"my-2\">\u00a0<\/div><h3><strong>18. Kann ich direkt \u00fcber Ihre Website buchen?<\/strong><\/h3><p>Ja! Buchen Sie direkt unter <a href=\"https:\/\/shanghaidazhongairporthotel.com\/de\/\" target=\"_blank\" rel=\"nofollow noopener\">https:\/\/shanghaidazhongairporthotel.com <\/a> f\u00fcr <strong>Bestpreisgarantie<\/strong>, kostenlose Upgrades (sofern verf\u00fcgbar) und direkter Support.<\/p><div class=\"my-2\">\u00a0<\/div><h3><strong>19. Wie sind Ihre Stornierungsbedingungen?<\/strong><\/h3><p>Die meisten Buchungen sind <strong>Kostenlose Stornierung bis 24 Stunden vor dem Check-in<\/strong>F\u00fcr Sonderpreise oder Werbeaktionen k\u00f6nnen andere Bedingungen gelten. \u00dcberpr\u00fcfen Sie daher immer Ihre Buchungsbest\u00e4tigung.<\/p><div class=\"my-2\">\u00a0<\/div><h3><strong>20. Wie kontaktiere ich den Kundenservice?<\/strong><\/h3><p data-spm-anchor-id=\"a2ty_o01.29997173.0.i47.499dc921lowxQI\">Rufen Sie uns an unter <span class=\"hotelContact_real-tel-text__3lcAp\" dir=\"ltr\">+86-21-38799999-0<\/span>. Unser Team steht Ihnen rund um die Uhr zur Verf\u00fcgung, um Sie bei Buchungen, Anfragen oder Sonderw\u00fcnschen zu unterst\u00fctzen.<\/p>\t\t\t\t\t\t\t\t<\/div>\n\t\t\t\t\t<\/div>\n\t\t<\/div>\n\t\t\t\t\t<\/div>\n\t\t<\/section>\n\t\t\t\t<section class=\"elementor-section elementor-top-section elementor-element elementor-element-10d901b2 elementor-section-stretched elementor-section-boxed elementor-section-gap-beside-yes elementor-section-height-default elementor-section-height-default elementor-section-column-vertical-align-stretch\" data-id=\"10d901b2\" data-element_type=\"section\" data-e-type=\"section\" data-settings=\"{&quot;background_background&quot;:&quot;classic&quot;,&quot;stretch_section&quot;:&quot;section-stretched&quot;}\">\n\t\t\t\t\t\t<div class=\"elementor-container elementor-column-gap-extended\">\n\t\t\t\t\t<div class=\"elementor-column elementor-col-100 elementor-top-column elementor-element elementor-element-5222cf1f\" data-id=\"5222cf1f\" data-element_type=\"column\" data-e-type=\"column\">\n\t\t\t<div class=\"elementor-widget-wrap elementor-element-populated\">\n\t\t\t\t\t\t<div class=\"elementor-element elementor-element-19cb2343 elementor-widget elementor-widget-nuss-heading\" data-id=\"19cb2343\" data-element_type=\"widget\" data-e-type=\"widget\" data-widget_type=\"nuss-heading.default\">\n\t\t\t\t<div class=\"elementor-widget-container\">\n\t\t\t\t\t\t\t<div class=\"nuss-modern-heading\">\r\n\t\t\t\r\n\t\t\t\t\t\t<div class=\"heading-primary-wrap\">\r\n\t\t\t\t<h2 class=\"heading-primary elementor-heading-title\">Verf\u00fcgbarkeit pr\u00fcfen <\/h2>\t\t\t<\/div>\r\n\t\t\r\n\t\t\t\r\n\t\t\t\t\t<\/div>\r\n\t\t\t\t\t<\/div>\n\t\t\t\t<\/div>\n\t\t\t\t<div class=\"elementor-element elementor-element-567cb69 elementor-widget elementor-widget-text-editor\" data-id=\"567cb69\" data-element_type=\"widget\" data-e-type=\"widget\" data-widget_type=\"text-editor.default\">\n\t\t\t\t\t\t\t\t\t<iframe border=\"0\" src=\"https:\/\/www.trip.com\/partners\/ad\/S5439814?Allianceid=4590391&#038;SID=260538839&#038;trip_sub1=\" style=\"width:900px;height:200px\" frameborder=\"0\" scrolling=\"no\" id=\"S5439814\"><\/iframe>\t\t\t\t\t\t\t\t<\/div>\n\t\t\t\t\t<\/div>\n\t\t<\/div>\n\t\t\t\t\t<\/div>\n\t\t<\/section>\n\t\t\t\t<\/div>","protected":false},"excerpt":{"rendered":"<p>Below, you will find a list of the questions most frequently asked by our guests. FAQ&#8217;S Questions &amp; Answers 1. How far is Hotel Da Zhong Airport from Shanghai Pudong International Airport (PVG)? Just 3 kilometers (approx. 5 minutes by car) \u2014 one of the closest hotels to PVG, with a complimentary 24\/7 shuttle running [&hellip;]<\/p>\n","protected":false},"author":1,"featured_media":0,"parent":0,"menu_order":0,"comment_status":"closed","ping_status":"closed","template":"","meta":{"footnotes":""},"class_list":["post-2105","page","type-page","status-publish","hentry","post-no-thumbnail"],"_links":{"self":[{"href":"https:\/\/shanghaidazhongairporthotel.com\/de\/wp-json\/wp\/v2\/pages\/2105","targetHints":{"allow":["GET"]}}],"collection":[{"href":"https:\/\/shanghaidazhongairporthotel.com\/de\/wp-json\/wp\/v2\/pages"}],"about":[{"href":"https:\/\/shanghaidazhongairporthotel.com\/de\/wp-json\/wp\/v2\/types\/page"}],"author":[{"embeddable":true,"href":"https:\/\/shanghaidazhongairporthotel.com\/de\/wp-json\/wp\/v2\/users\/1"}],"replies":[{"embeddable":true,"href":"https:\/\/shanghaidazhongairporthotel.com\/de\/wp-json\/wp\/v2\/comments?post=2105"}],"version-history":[{"count":0,"href":"https:\/\/shanghaidazhongairporthotel.com\/de\/wp-json\/wp\/v2\/pages\/2105\/revisions"}],"wp:attachment":[{"href":"https:\/\/shanghaidazhongairporthotel.com\/de\/wp-json\/wp\/v2\/media?parent=2105"}],"curies":[{"name":"wp","href":"https:\/\/api.w.org\/{rel}","templated":true}]}}